{"id":126,"date":"2016-09-04T16:42:15","date_gmt":"2016-09-04T16:42:15","guid":{"rendered":"http:\/\/wordpress.celinevonmeijenfeldt.nl\/?page_id=126"},"modified":"2024-08-12T13:51:30","modified_gmt":"2024-08-12T13:51:30","slug":"1-2-2-het-vaderland-ontzet","status":"publish","type":"page","link":"https:\/\/meijenfeldt.nl\/?page_id=126","title":{"rendered":"1.3.8. Het vaderland ontzet"},"content":{"rendered":"<p style=\"text-align: justify;\"><span style=\"color: #000000;\">Rond de eeuwwisseling helpt <\/span><span style=\"color: #000000;\">Carl Friedrich von Meijerfeldt, <\/span><span style=\"color: #000000;\">kapitein in zijn\u00a0<\/span><span style=\"color: #000000;\">\u00d6sterbotten regiment,<\/span><span style=\"color: #000000;\"> mee aan de verdediging van de stad Riga<\/span><span style=\"text-align: justify;\">. De dreiging komt van <\/span><span style=\"color: #000000;\">luitenant-generaal Flemming, samen met wie hij nog niet zo lang geleden geallieerde manoeuvres aan de Rijn volvoerde. <\/span>Nu concentreert deze <span style=\"color: #000000;\">een Saksisch leger <\/span><span style=\"color: #000000;\">van 5000 man <\/span><span style=\"color: #000000;\">aan de overkant van de rivier de D\u00fcna (<em>Daugava<\/em>), in Koerland<\/span><span style=\"color: #000000;\">. Zijn keurvorst August de Sterke heeft zich eerst met veel corruptie in de landdag (<em>sjem<\/em>) tot koning van Polen en grootvorst van Lithouwen laten kronen en zegt vervolgens dat Lijfland vanouds bij Polen hoort. Gealarmeerd door de troepen en dreigbrieven van de overloper Patkul versterkt de Zweedse gouverneur-generaal Dahlberg de vesting Riga. Dat is geen moment te vroeg, want in februari 1700 <\/span><span style=\"color: #000000;\">overschrijden de Saksen z<\/span><span style=\"color: #000000;\">onder oorlogsverklaring\u00a0<\/span><span style=\"color: #000000;\">de dichtgevroren rivier en starten daarmee een 21-jarige strijd onder de naam Grote Noordse Oorlog. Op 9 juli van dat jaar zal Johann August als lid van de Lijflandse Ridderschap een beschuldigende verklaringen tegen Patkul ondertekenen. <span style=\"color: #0000ff;\"><a style=\"color: #0000ff;\" href=\"#voetnoot\">(1)<\/a><\/span><\/span><\/p>\n<p style=\"text-align: justify;\"><span style=\"color: #000000;\">August van Saksen verovert een kleine burcht en valt met succes <\/span><span style=\"color: #000000;\">een tweede burcht buiten de vesting Riga aan. De Zweedse koning <\/span><span style=\"color: #000000;\">Karel XII regelt <\/span><span style=\"color: #000000;\">dat enkele Finse regimenten en <\/span><span style=\"color: #000000;\">generaal-majoor Otto Welling (<em>Vellingk<\/em>) uit Narva &#8211; <\/span><span style=\"color: #000000;\">de noordelijke grensstad<\/span><span style=\"color: #000000;\"> met Rusland &#8211; <\/span><span style=\"color: #000000;\">met 3000 man naar Riga afreizen. In Stockholm benoemt hij Carl Gustaf Fr\u00f6lich op 10 maart 1700 tot luitenant-generaal en gouverneur van Lijfland. Johann August von Meijerfeldt biedt daar opnieuw zijn diensten aan en nu zendt de koning hem vanuit Stockholm mee met Fr\u00f6lich naar Riga.<\/span><\/p>\n<p style=\"text-align: justify;\"><span style=\"color: #000000;\">Daar ontmoeten de broers Carl Friedrich en Johann August elkaar en helpen<\/span><span style=\"color: #000000;\">\u00a0mee met de verdediging van de stad in dienst van gouverneur Fr\u00f6lich. Er is in diens\u00a0geworven infanterieregiment geen vacature voor een majoor. Eind mei arriveert Welling met zijn troepen en formeert een grote strijdmacht <\/span><span style=\"color: #000000;\">in het\u00a0 achter Riga gelegen\u00a0<\/span><span style=\"color: #000000;\">plaatsje <\/span><span style=\"color: #000000;\">Dreilingshof (<em>Dreili\u0146u mui\u017ea<\/em>). Hij wil het <\/span><span style=\"color: #000000;\">Saksisch-Poolse leger over de D\u00fcna terugdringen en zelf een oversteek wagen. De hoge militairen Fr\u00f6lich en Dahlberg blijven achter in de stad vanwege hun bestuurlijke functies en adviseren Johann August op het aanbod van Welling <\/span><span style=\"color: #000000;\">in te gaan <\/span><span style=\"color: #000000;\">om zich onder zijn commando te stellen en een eigen eskadron ruiters te werven. Op 1 juli 1700 vindt de <\/span><span style=\"color: #000000;\">capitulatie (<\/span><span style=\"color: #000000;\">ondertekening van de voorwaarden) plaats, op<\/span><span style=\"color: #000000;\"> 2 juni zijn bevordering tot luitenant-kolonel over een in 6 compagnie\u00ebn te verdelen eskadron van 200 uit de cavalerie toegewezen ruiters en op 3 juli verkrijgt hij patent om in stad en land van Lijfland en Estland <\/span><span style=\"color: #000000;\">in zes maanden tijd <\/span><span style=\"color: #000000;\">nog eens 100 ruiters te werven. <\/span><span style=\"color: #000000;\">Johann August is zodoende verzekerd van een zelfstandige snelle eenheid, die hem een unieke plaats in het leger verschaft.<\/span> <span style=\"color: #0000ff;\"><a style=\"color: #0000ff;\" href=\"#voetnoot\">(2)<\/a><\/span><\/p>\n<p style=\"text-align: justify;\"><span style=\"color: #000000;\">Dit is waarschijnlijk \u00e9\u00e9n van de redenen, waarom Johann August kort daarna regelmatig met opdrachten wordt belast. Aan de Saksische zijde ligt het tot 20.000 man aangegroeide leger onder veldmaarschalk Steinau. In opdracht van Welling rijdt Johann August in de nacht van 20 op 21 juli met zijn eskadron en 50 ruiters samen met ritmeester Gustaf Wilhelm de la Barre uit het hoofdkwartier in Yxkul weg. Hij stuit in de morgen op 100 kozakken, die op hun authentieke manier om hen heen gaan cirkelen om indruk te maken. De kozakken trekken zich terug zodra enkelen de dood vinden. Na een uur komen ze weer opzetten, versterkt met enkele honderden dragonders. Enkele schermutselingen leiden tot niet veel slachtoffers. <span style=\"color: #0000ff;\"><a style=\"color: #0000ff;\" href=\"#voetnoot\"> (3)\u00a0<\/a><\/span><\/span><\/p>\n<p style=\"text-align: justify;\"><span style=\"color: #000000;\">Eind juli arriveert de Saksische koning Augustus II met versterkingen bij zijn troepen. Hij is heel wat assertiever dan zijn generaals en steekt met de hoofdmacht de D\u00fcna over. Steinau en Welling proberen een slag te vermijden, maar bij Probstingshof (<em>Lielv\u00e4rde<\/em>) komt het wel tot schermutselingen. Door de grote meerderheid van de vijand ziet Welling zich genoodzaakt zich terug te trekken. Carl Friedrich verweert zich onder Dahlberg tegen de tweede belegering van Riga, terwijl Johann August onder Welling en 4.000 man naar het noorden trekt tot <\/span><span style=\"color: #000000;\">het oude Ordekasteel van<\/span><span style=\"color: #000000;\"> Rujen (<em>R\u016bjiena<\/em>), in een moerasgebied dat hen buiten het zicht van de Saksers houdt.<\/span><\/p>\n<p style=\"text-align: justify;\"><span style=\"color: #000000;\">Door slinkende troepen (desertie, ziekte, vijandelijk vuur) en protesten van zijn Hollandse en Engelse geldschieters tegen het platbombarderen van hun Hanzekantoren druipt August van Saksen tot Zweedse verbazing al naar een maand af. <\/span><span style=\"color: #000000;\">Er is nog een andere reden voor de Saksische terugtrekking. De<\/span><span style=\"color: #000000;\"> Deense koning Frederik IV had een bondgenootschap getekend, was in maart het pro-Zweedse hertogdom Holstein-Gottorp binnengevallen en had de drie zuidelijke provincies van Zweden opgeeist. Na een bliksemactie van een gecombineerde Zweeds-Engels-Hollandse vloot tegen Kopenhagen wordt al in augustus de Vrede van Travendal getekend. Als August van de Deense nederlaag en de aantocht van een Zweedse vloot naar de Baltische gebieden verneemt, besluit hij met de verovering van het vestingstadje Kokenhusen (<i>Koknese<\/i>) een einde aan zijn veldtocht te maken en zich wijselijk in zijn winterkwartieren in Koerland en Litouwen terug te trekken.\u00a0<\/span><\/p>\n<p style=\"text-align: justify;\"><span style=\"color: #000000;\">Johann August ziet de Zweedse koning Karel XII op 13 oktober 1700 met eigen ogen in het kamp van Welling aankomen. Hij was een week eerder <\/span><span style=\"color: #000000;\">met een deel van de vloot <\/span><span style=\"color: #000000;\">aangemeerd in Pernau en had de 80 km in zuidoostelijke richting overbrugd. Van <\/span><span style=\"color: #000000;\">Welling krijgt hij niet alleen het nieuws dat August in winterkwartier is gegaan, maar ook dat tsaar Peter de Grote o<\/span><span style=\"color: #000000;\">ndanks zijn vriendelijke brieven na zijn vrede met de Turken begonnen is met de omsingeling van Narva en troepen op weg heeft gestuurd om het Zweedse magazijn in Wesenberg <\/span><span style=\"color: #000000;\">(<i>Rakvere<\/i>) in brand te steken en de hoofdstad <\/span><span style=\"color: #000000;\">Reval te veroveren. De tsaar wil uiteindelijk <\/span><span style=\"color: #000000;\">Kareli\u00eb, Ingermanland en Estland rondom de Finse Golf helemaal bezetten om een nieuwe hoofdstad Sint Petersburg te bouwen.\u00a0<\/span><span style=\"color: #000000;\">Peter de Grote ziet de oversteek van Karel XII zo dicht op het winterseizoen niet aankomen, en zeker niet dat diens veldtocht in plaats van op het zuiden op het oosten gericht zal zijn. <\/span><\/p>\n<p style=\"text-align: justify;\"><span style=\"color: #000000;\">Johann August gaat d<\/span><span style=\"color: #000000;\">irect met Welling op mars om het bijna 200 km noordelijker gelegen Wesenberg te beschermen. Karel XII zelf keert terug naar Pernau en formaliseert bij <\/span><span style=\"color: #000000;\">missive van 17 oktober de besluiten van <\/span><span style=\"color: #000000;\">Welling van 16 augustus met betrekking tot het opzetten van een eskadron onder Johann August<\/span><span style=\"color: #000000;\">.<\/span>\u00a0<span style=\"color: #000000;\"><span style=\"color: #0000ff;\"><a style=\"color: #0000ff;\" href=\"#voetnoot\">(4)<\/a> <span style=\"color: #000000;\">Inmiddels zijn er ruiters geworden<\/span> <\/span><\/span><span style=\"color: #000000;\">en zijn er nog maar 20 te kort. Hij klaagt over de druk die de financiering van twee compagnie\u00ebn op zijn vermogen legt, met name op zijn landgoed Bevershoff (<em>Vecbebru<\/em>), dat door de zich vlakbij gelegerde Saksische troepen in Kokenhusen aan de D\u00fcna regelmatig geplunderd wordt. Dit landgoed was kort daarvoor door de reductie uit handen van de familie Cronstiern geraakt en blijkbaar door Johann August als leen verworven.<br \/>\n<\/span><\/p>\n<p style=\"text-align: justify;\"><span style=\"color: #000000;\">Drie dagen later, op 20 oktober 1700, ondertekent <\/span><span style=\"color: #000000;\">Karel XII de bevordering van Carl Friedrich von Meijerfeldt tot majoor in het <\/span><span style=\"color: #000000;\">\u00d6sterbottenregiment, <\/span><span style=\"color: #000000;\">als opvolger van Klas von Borgen<\/span><span style=\"color: #000000;\">. Hij is \u00e9\u00e9n van de zeven commandanten van de compagnie\u00ebn in het regiment en is na kolonel Campenhausen en luitenant-kolonel St<\/span><span style=\"color: #000000;\">\u00e5lhammers nu de derde in lijn. Hij krijgt hierdoor kennelijk geen extra taken, omdat in de staf va<\/span><span style=\"color: #000000;\">n zijn compagnie <\/span><span style=\"color: #000000;\">naast luitenant Voigt en vaandrig Fleming geen uitbreiding komt. Met zijn regiment blijft hij in Riga liggen voor de verdediging tegen de Saksen. <\/span><span style=\"color: #0000ff;\"><a style=\"color: #0000ff;\" href=\"#voetnoot\">(5)<\/a><\/span><\/p>\n<p style=\"text-align: justify;\"><span style=\"color: #000000;\">Op 27 oktober komt Johann August met Welling in Wesenberg aan. Enige tijd later arriveren daar ook de hoofdmacht vanuit Pernau onder Rehnski\u00f6ld, het tweede deel van de vloot <\/span><span style=\"color: #000000;\">uit Reval<\/span><span style=\"color: #000000;\">, een Fins regiment en ook Karel XII zelf. <\/span><span style=\"color: #000000;\">Op 16 november start de mars in een door de Moskovieten verwoest landschap met weinig proviand. Via Maholm langs het zeestrand van Sillam\u00e4ggi en een overnachting bij Lagena bereikt het leger drie dagen later uitgeput en uitgehongerd het front. Met een woedende sneeuwstorm <\/span><span style=\"color: #000000;\">in de rug<\/span><span style=\"color: #000000;\"> worden de Russen aangevallen. Johann August strijdt met zijn eskadron ruiters op de rechtervleugel naast Welling. <\/span><span style=\"color: #000000;\"><span style=\"color: #0000ff;\"><a style=\"color: #0000ff;\" href=\"#voetnoot\">(6)<\/a> <\/span><\/span><span style=\"color: #000000;\">De dan nog onbekende tsaar Peter de Grote is een dag eerder met stille trom van zijn troepen weg gereisd. Van de 37.000 Russen komen er 9.000 om. Na de overgave worden de soldaten naar huis gezonden en de legerleiding gevangen genomen. De burcht Narva wordt ontzet en van een versterkt Zweeds garnizoen voorzien.<\/span><\/p>\n<p style=\"text-align: center;\"><img loading=\"lazy\" decoding=\"async\" class=\"wp-image-29839 aligncenter\" src=\"https:\/\/meijenfeldt.nl\/wp-content\/uploads\/2020\/06\/1700-Slag-bij-Narva-300x193.jpg\" alt=\"\" width=\"677\" height=\"435\" srcset=\"https:\/\/meijenfeldt.nl\/wp-content\/uploads\/2020\/06\/1700-Slag-bij-Narva-300x193.jpg 300w, https:\/\/meijenfeldt.nl\/wp-content\/uploads\/2020\/06\/1700-Slag-bij-Narva-768x493.jpg 768w, https:\/\/meijenfeldt.nl\/wp-content\/uploads\/2020\/06\/1700-Slag-bij-Narva.jpg 800w\" sizes=\"auto, (max-width: 677px) 100vw, 677px\" \/><em><span style=\"font-size: 10pt;\">Slag bij Narva 19 november 1700<br \/>\nSchilderij van Alexander Kotzebue<br \/>\n<\/span><\/em><\/p>\n<p style=\"text-align: justify;\"><span style=\"color: #000000;\">Karel XII heeft voor de tweede maal bewezen een groot veldheer te zijn. <\/span><span style=\"color: #000000;\">Een gunstig vredesaanbod van Peter de Grote wijst hij van de hand. Bij de Denen had hij dat wel gedaan, maar daar was het totale leger bij de hoofdstad verslagen. <\/span><span style=\"color: #000000;\">Zijn generaals adviseren hem een moerastocht naar Moskou te vermijden. De koning is vechtlustig, maar kiest om een andere reden evenmin voor Moskou. Hij denkt maar weinig<\/span><span style=\"color: #000000;\"> gevaar dat van de passieve, ongetrainde Russen te duchten te hebben. Hij legt meer prioriteit bij het verslaan van de veel sterkere Saksisch-Poolse legers. Sommige historici spreken van de eerste taxatiefout van de Zweedse koning om noch af te rekenen noch vrede te sluiten met de Russen, maar hen letterlijk links te laten liggen. Deze taxatiefout zal uitgroeien tot een koppigheid met rampzalige gevolgen.<\/span><\/p>\n<p style=\"text-align: justify;\"><span style=\"color: #000000;\">Karel XII trekt zuidwaarts door Lijfland. Soldaten nemen daar goedschiks of kwaadschiks voorraden in, waardoor de Zweden daar geen goede naam opbouwen. Er zijn nogal wat sterfgevallen door ziekten, waaronder de lijfarts van de koning, Johann Martin Ziervogel, wiens <span style=\"color: #0000ff;\"><a style=\"color: #0000ff;\" href=\"https:\/\/meijenfeldt.nl\/?page_id=1410\">achterneef<\/a><\/span> later in de familiegeschiedenis in Nederland zal opduiken. Generaal Fleming biedt de koning zijn landgoed en Ordekasteel Lais (<i>Laiuse<\/i>) als\u00a0<\/span><span style=\"color: #000000;\">hoofdkwartier<\/span><span style=\"color: #000000;\"> aan. Op het wat vervallen kasteel wordt een vrolijk Kerstfeest gevierd. Johann August bevindt zich daar ook en niet bij het hoofdleger in Dorpat. <\/span><span style=\"color: #0000ff;\"><a style=\"color: #0000ff;\" href=\"#voetnoot\">(7)<\/a><\/span><span style=\"color: #000000;\"> Magnus Stenbock ligt met zijn regiment bij Laisholm. Als het toen nog een bezit van de Von Meijerfeldts was zal Johann August de afstand van 10 kilometer ongetwijfeld hebben weten te overbruggen.<\/span><a id=\"voetnoot\"><\/a><\/p>\n<p style=\"text-align: center;\"><span style=\"color: #000000; font-size: 10pt;\"><span style=\"color: #0000ff;\"><a style=\"color: #0000ff;\" href=\"https:\/\/meijenfeldt.nl\/?page_id=13847\">Terug<\/a><\/span>\u00a0 \u00a0***\u00a0 \u00a0<span style=\"color: #0000ff;\"><a style=\"color: #0000ff;\" href=\"https:\/\/meijenfeldt.nl\/?page_id=128\">Verder<\/a><\/span><\/span><\/p>\n<p style=\"text-align: justify;\"><span style=\"font-size: 10pt; color: #000000;\">1. Der <span style=\"color: #0000ff;\"><a style=\"color: #0000ff;\" href=\"https:\/\/dspace.ut.ee\/bitstream\/handle\/10062\/28307\/r_est_a_879_tervik.pdf?sequence=5&amp;isAllowed=y\">Liefl\u00e4ndischen Ritterschafft<\/a><\/span>, Wie auch, Des Magistrats, und der B\u00fcrgerschafft, zu Riga, \u00fcber des Infamen und Verr\u00e4hterischen Johann Reinhold Patkuls Auffr\u00fchrisches Verfahren und Calumnieuse Beschuldigungen; Bey dem in Riga Anno 1700. gehaltenen Landt-Tage, Auffgesetzte, und an Ihro K. Majest. von Schweden Raht, Feld Marschal und General-Gouverneur in Liefland, Den Hochwohlgebohrnen Herrn, Grafen Erich Dahlberg \u00fcberreichte Declarationes Und Erkl\u00e4runge: [Prod. in Arce Reg. Rig. d. 24. Aug. An. 1700.].<br \/>\n<\/span><span style=\"font-size: 10pt;\"><span style=\"color: #000000;\">2. Uppsala Universitetsbiblioteket, X.240. <span class=\"site-name no-print\">Svensk biografi i portf\u00f6lj<span style=\"color: #000000;\">er, Meijerfelts papper,<\/span><\/span><span style=\"color: #008000;\"><span class=\"site-name no-print\" style=\"color: #0000ff;\"> <a style=\"color: #0000ff;\" href=\"https:\/\/meijenfeldt.nl\/wp-content\/uploads\/2020\/10\/1700-06-01-Ofwestlieutenant.pdf\">Capitulation<\/a><\/span>, <span class=\"site-name no-print\" style=\"color: #0000ff;\"><a style=\"color: #0000ff;\" href=\"https:\/\/meijenfeldt.nl\/wp-content\/uploads\/2020\/10\/1700-06-02-TBD.pdf\">\u00d6fwerstLieut:s fullmacht<\/a><\/span><\/span><span class=\"site-name no-print\"> &amp; <span style=\"color: #0000ff;\"><a style=\"color: #0000ff;\" href=\"https:\/\/meijenfeldt.nl\/wp-content\/uploads\/2020\/10\/1700-06-03-Warfwingspatent.pdf\">V\u00e4rfning=Patent<\/a><\/span>. <\/span>J. Mankell, \u201c<span class=\"s2\">Uppgifter<\/span> <span class=\"s2\">r\u00f6rande<\/span> <span class=\"s2\">svenska<\/span> <span class=\"s2\">krigsmagtens<\/span><span class=\"s2\">,<\/span><span class=\"s2\"> s<\/span><span class=\"s2\">edan <\/span><span class=\"s2\">slutet<\/span> <span class=\"s2\">af<\/span><span class=\"s2\">femtonhundratalet<\/span><span class=\"s2\">,<b>\u00a0<\/b><\/span><\/span><\/span><span style=\"font-size: 10pt;\"><span class=\"s2\">S<\/span><span class=\"s2\">tyrka<\/span><span class=\"s2\">, <\/span><span class=\"s2\">sammans\u00e4ttning<\/span><span class=\"s2\"> och <\/span><span class=\"s2\">f\u00f6rdelning\u201d, Stockholm 1865, deel 3, <\/span><\/span><a href=\"https:\/\/babel.hathitrust.org\/cgi\/pt?id=umn.31951p00224680l&amp;view=1up&amp;seq=1008\"><span class=\"s4\"><span style=\"font-size: 10pt; color: #0000ff;\">pag. 378<\/span><\/span><\/a>,<span style=\"font-size: 10pt;\"><span style=\"color: #000000;\"> wijkt van de originele documenten af door niet te schrijven &#8216;ruiters&#8217; maar &#8216;dragonders&#8217; (infanterie die zich te paard verplaatst).<br \/>\n3. J.A. Nordberg, \u201cKonung Carl den XII: tes historia\u201d, Stockholm 1740, deel 1, <span style=\"color: #0000ff;\"><a style=\"color: #0000ff;\" href=\"https:\/\/books.google.nl\/books?id=Z_lcAAAAcAAJ&amp;printsec=frontcover&amp;dq=Nordberg+Konung+Carl+den+XII:+tes+historia&amp;hl=nl&amp;sa=X&amp;ved=0ahUKEwj8tZHJrtraAhWJYVAKHUYRD0QQ6wEIKzAA#v=snippet&amp;q=jerfeldt&amp;f=false\">pag. 91<\/a><\/span>, spreekt van\u00a0&#8220;<i>\u00d6fwerste Lieutenanten Carl Friedric\u00a0Mejerfeldt<\/i>&#8220;. Hij haalt de broers door elkaar. Carl Friedrich is op dat moment twee rangen lager kapitein en heeft geen ruiterij maar infanterie. Johann August is dan wel luitenant-kolonel (overste) en beschikt over cavalerie. Omdat Nordberg pas in 1703 in het Zweedse kamp arriveert moet hij een eerdere bron gebruikt hebben. <\/span><\/span><span style=\"font-size: 10pt;\"><span style=\"color: #000000;\">F.K. Gadebusch, &#8220;Livl\u00e4ndische Jahrb\u00fccher&#8221;, Riga 1780-1783,<\/span>\u00a0<\/span><span style=\"font-size: 10pt; color: #0000ff;\"><a style=\"color: #0000ff;\" href=\"https:\/\/dspace.ut.ee\/bitstream\/handle\/10062\/29270\/est_a_867_3_2.pdf?sequence=1&amp;isAllowed=y\">deel 3-2<\/a><\/span><span style=\"font-size: 10pt;\">, <span style=\"color: #000000;\">pag. 74, en latere bronnen volgen Nordberg.<\/span><br \/>\n<\/span><span style=\"font-size: 10pt;\"><span style=\"color: #000000;\">4. Riksarkivet Sverige, 1112.1. Riksregistraturet 1523-1718, <\/span><\/span><span style=\"font-size: 10pt;\"><span style=\"color: #000000;\">B\/619, <span style=\"color: #0000ff;\"><a style=\"color: #0000ff;\" href=\"https:\/\/sok.riksarkivet.se\/bildvisning\/A0039114_00110#?c=&amp;m=&amp;s=&amp;cv=109&amp;xywh=2517%2C219%2C2960%2C1740\">folio 105<\/a>, <\/span><\/span><\/span><span style=\"font-size: 10pt;\"><span style=\"color: #000000;\">&#8220;Til General Otto Vellingk svar angl: capitulationerne med Brakel och Meyerfelt&#8221;. Johann August wordt nog als majoor aangeduid.<br \/>\n5. Riksarkivet, 1112.1. Riksregistraturet 1523-1718, B\/619, <\/span><\/span><span style=\"font-size: 10pt;\"><span style=\"color: #000000;\"><a href=\"https:\/\/sok.riksarkivet.se\/bildvisning\/A0039114_00165#?c=&amp;m=&amp;s=&amp;cv=164&amp;xywh=733%2C166%2C4684%2C2755\"><span style=\"color: #0000ff;\">folio 159<\/span><\/a><\/span><\/span><span style=\"font-size: 10pt;\"><span style=\"color: #000000;\">, &#8220;Majors fullmakt under \u00d6sterbottens infanterie regemente f\u00f6r Carl Friederich Mejerfelt&#8221;.\u00a0 <\/span><\/span><span style=\"color: #000000; font-size: 10pt;\">Krigsarkivet, 0022 Rullor 1620-1723, 1700\/6 \u00d6stersj\u00f6provinserna, <span style=\"color: #0000ff;\"><a style=\"color: #0000ff;\" href=\"https:\/\/sok.riksarkivet.se\/bildvisning\/A0054465_00085#?c=&amp;m=&amp;s=&amp;cv=84&amp;xywh=3393%2C442%2C3173%2C1913\">folio 85<\/a><\/span>. <\/span><span style=\"font-size: 10pt;\"><span style=\"color: #000000;\">&#8220;<span style=\"font-size: 10pt;\">R\u00falla pro November M\u00e5nad A:o 1700 af Kongl Majstz \u00d6sterbottens\u00a0<\/span><\/span><\/span><span style=\"color: #000000; font-size: 10pt;\">Regiment Infanterie och Capitain Carl Friderich Meijerfeltz Compagnie&#8221;.<br \/>\n6. <\/span><span style=\"font-size: 10pt;\"><span style=\"color: #000000;\"><strong>\u201c<\/strong><span style=\"color: #0000ff;\"><a style=\"color: #0000ff;\" href=\"https:\/\/meijenfeldt.nl\/?page_id=54227\">Frijherre Bref<\/a><\/span> f\u00f6r General Major Johan August Mejerfeldt\u201c, Rawitz d. 12. July 1705. Zelf noemt hij zijn deelname niet in zijn <\/span><\/span><span style=\"font-size: 10pt;\"><span style=\"color: #000000;\">\u201cUntert\u00e4hnige\u03b2 Memoriall wo und wie lang Ich in diensten gestanden\u201d<\/span><\/span><span style=\"font-size: 10pt;\"><span style=\"color: #000000;\">(Uppsala Universitetsbiblioteket, X.240. <span class=\"site-name no-print\">Svensk biografi i portf\u00f6ljer, Meijerfelts papper), maar het kan zijn dat hij dat document al in Wesenberg had afgerond. Hij wordt met zijn ruiters genoemd door G. Wrangell, &#8220;Der schwedische Anmarch auf Narva 1700&#8221;, in Beitr\u00e4ge zur Kunde Estlands, deel 9, Reval 1923, <span style=\"color: #0000ff;\"><a style=\"color: #0000ff;\" href=\"https:\/\/dspace.ut.ee\/bitstream\/handle\/10062\/22359\/beitra_estlands_9_1_10.pdf?sequence=5&amp;isAllowed=y\">pag. 123<\/a>, <span style=\"color: #000000;\">maar niet door <\/span><\/span><\/span>S. Faber, \u201cDer Ausf\u00fchrlichen Lebens-Beschreibung Carls den XII. K\u00f6nigs in Schweden\u201d, <span style=\"color: #0000ff;\"><a style=\"color: #0000ff;\" href=\"https:\/\/play.google.com\/books\/reader?id=_hoVAAAAQAAJ&amp;pg=GBS.PP8&amp;hl=nl\">deel 1<\/a><\/span>, Frankfurt und Leipzig 1701. Zie verder G. <span style=\"color: #0000ff;\"><a style=\"color: #0000ff;\" href=\"https:\/\/meijenfeldt.nl\/?page_id=21276\">Adlerfeld<\/a><\/span><strong>,<\/strong> \u201cHistoire Militaire de Charles XII, Roi de Su\u00e9de\u201d, Amsterdam 1730, en J.A. Nordberg, <span style=\"color: #0000ff;\"><a style=\"color: #0000ff;\" href=\"https:\/\/meijenfeldt.nl\/?page_id=9129\">deel 1<\/a><\/span>.<br \/>\n<\/span><\/span><span style=\"color: #000000; font-size: 10pt;\">7. Riksarkivet Sverige, 720266 Ericsbergarkivet, Svenska Autografer, Vol: 139. Martin-Meijerfelt, <span style=\"color: #0000ff;\"><a style=\"color: #0000ff;\" href=\"https:\/\/sok.riksarkivet.se\/bildvisning\/A0040220_00486#?c=&amp;m=&amp;s=&amp;cv=485&amp;xywh=-596%2C581%2C4174%2C2175\">folio 486<\/a><\/span>, brief uit Lais van 13 maart 1701 aan gouverneur-generaal Dahlberg over diverse diplomatieke en militaire ontwikkelingen in het hoofdkwartier, met een reactie d.d. 23 maart op de achterzijde van de envelop.<br \/>\n<\/span><\/p>\n","protected":false},"excerpt":{"rendered":"<p>Rond de eeuwwisseling helpt Carl Friedrich von Meijerfeldt, kapitein in zijn\u00a0\u00d6sterbotten regiment, mee aan de verdediging van de stad Riga. De dreiging komt van luitenant-generaal Flemming, samen met wie hij nog niet zo lang geleden geallieerde manoeuvres aan de Rijn volvoerde. Nu concentreert deze een Saksisch leger van 5000 man aan de overkant van de &hellip; <a href=\"https:\/\/meijenfeldt.nl\/?page_id=126\" class=\"more-link\">Verder lezen <span class=\"screen-reader-text\">1.3.8. Het vaderland ontzet<\/span><\/a><\/p>\n","protected":false},"author":1,"featured_media":0,"parent":112,"menu_order":0,"comment_status":"closed","ping_status":"closed","template":"","meta":{"footnotes":""},"class_list":["post-126","page","type-page","status-publish","hentry"],"_links":{"self":[{"href":"https:\/\/meijenfeldt.nl\/index.php?rest_route=\/wp\/v2\/pages\/126","targetHints":{"allow":["GET"]}}],"collection":[{"href":"https:\/\/meijenfeldt.nl\/index.php?rest_route=\/wp\/v2\/pages"}],"about":[{"href":"https:\/\/meijenfeldt.nl\/index.php?rest_route=\/wp\/v2\/types\/page"}],"author":[{"embeddable":true,"href":"https:\/\/meijenfeldt.nl\/index.php?rest_route=\/wp\/v2\/users\/1"}],"replies":[{"embeddable":true,"href":"https:\/\/meijenfeldt.nl\/index.php?rest_route=%2Fwp%2Fv2%2Fcomments&post=126"}],"version-history":[{"count":207,"href":"https:\/\/meijenfeldt.nl\/index.php?rest_route=\/wp\/v2\/pages\/126\/revisions"}],"predecessor-version":[{"id":65796,"href":"https:\/\/meijenfeldt.nl\/index.php?rest_route=\/wp\/v2\/pages\/126\/revisions\/65796"}],"up":[{"embeddable":true,"href":"https:\/\/meijenfeldt.nl\/index.php?rest_route=\/wp\/v2\/pages\/112"}],"wp:attachment":[{"href":"https:\/\/meijenfeldt.nl\/index.php?rest_route=%2Fwp%2Fv2%2Fmedia&parent=126"}],"curies":[{"name":"wp","href":"https:\/\/api.w.org\/{rel}","templated":true}]}}