{"id":12369,"date":"2018-11-15T18:39:22","date_gmt":"2018-11-15T18:39:22","guid":{"rendered":"http:\/\/meijenfeldt.nl\/?page_id=12369"},"modified":"2022-10-17T07:05:34","modified_gmt":"2022-10-17T07:05:34","slug":"stiernman","status":"publish","type":"page","link":"https:\/\/meijenfeldt.nl\/?page_id=12369","title":{"rendered":"Stiernman"},"content":{"rendered":"<p style=\"text-align: justify;\"><span style=\"color: #000000; font-size: 14pt;\"><strong>Anders Anton von Stiernman (1695-1765) <\/strong><\/span><\/p>\n<p><strong><span style=\"font-size: 14pt; color: #000000;\">\u2013 \u201cMatrikel \u00f6fver Swea Rikes Ridderskap och Adel\u201d, Stockholm 1754-1755, <span style=\"color: #0000ff;\"><a style=\"color: #0000ff;\" href=\"https:\/\/books.google.se\/books?id=YLkDAAAAYAAJ&amp;printsec=frontcover&amp;hl=nl&amp;source=gbs_ge_summary_r&amp;cad=0#v=onepage&amp;q&amp;f=false\">deel 1<\/a><\/span>, pag. 44-45 en 648, <a style=\"color: #000000;\" href=\"https:\/\/books.google.nl\/books?id=yV9aAAAAcAAJ&amp;pg=PA1404&amp;dq=Stiernman+1755&amp;hl=nl&amp;sa=X&amp;ved=0ahUKEwjM-qXp_JzdAhXQblAKHYcLCf4Q6AEIKjAA#v=onepage&amp;q=mejerfelts&amp;f=false\"><span style=\"color: #0000ff;\">deel 2<\/span><\/a>, pag. 1125, 1329, 1380, 1419 en 1420. \u2663<\/span><\/strong><\/p>\n<p><span style=\"font-size: 14pt; color: #000000;\"><strong>\u2013 \u201cSamling utaf Kongl. bref, stadgar och f\u00f6rordningar &amp;c. ang\u00e5ende Sweriges rikes commerce, politie och oeconomie uti gemen: ifr\u00e5n \u00e5hr 1523 in til gemen n\u00e5rwarande tid : upp\u00e5 Hans Kongl. Maj:ts n\u00e5digesta befallning\u201d, deel 7, Stockholm 1775,\u00a0<a style=\"color: #000000;\" href=\"https:\/\/babel.hathitrust.org\/cgi\/pt?id=njp.32101065351452&amp;view=1up&amp;seq=300&amp;q1=meyerfeldt\"><span style=\"color: #0000ff;\">pag. 256<\/span><\/a><span style=\"color: #0000ff;\">.<\/span><\/strong><\/span><\/p>\n<p><span style=\"font-size: 14pt; color: #000000;\">&#8212; <\/span><span style=\"color: #000000; font-size: 14pt;\"><strong>\u201cSvecia Illustris, Sl\u00e4gttaflor \u00f6fver de p\u00e5 Svenska Riddarhuset until \u00e5r \u2026. introducerade \u00e4tter i alfabetisk ordning\u201d, Uppsala Universit\u00e4tsbibliotek, <\/strong><\/span><span style=\"font-size: 14pt; color: #000000;\"><strong>handskriften <\/strong><\/span><span style=\"color: #000000; font-size: 14pt;\"><strong><span style=\"color: #0000ff; font-size: 14pt;\"><a style=\"color: #0000ff;\" href=\"#voetnoot\">(1)<\/a><\/span><\/strong><\/span><span style=\"font-size: 14pt; color: #000000;\"><strong>, <\/strong><\/span><span style=\"color: #000000; font-size: 14pt;\"><strong>X. Svensk genealogi och biografi, deel 18 (letters M-O), Mejerfelt, 4 bladen.<\/strong><\/span><\/p>\n<p><span style=\"color: #0000ff;\"><a style=\"color: #0000ff;\" href=\"https:\/\/meijenfeldt.nl\/wp-content\/uploads\/2018\/11\/Stiernman-UUB.pdf\">Kopie van de vier handgeschreven bladen<\/a><\/span><\/p>\n<p><span style=\"color: #000000;\">Transcriptie van het handschrift (hieronder)<\/span><\/p>\n<hr \/>\n<p><span style=\"color: #800000;\"><strong>BLAD 1<\/strong><\/span><\/p>\n<p><span style=\"color: #000000;\">No. 864 <u>Mejerfelt<\/u> och Grefvliga No. 59.<\/span><\/p>\n<p><span style=\"color: #000000;\">Johan Mejer<br \/>\nSl\u00e5ttshoppman p\u00e5 Felin vit \u00e5r 1620.<br \/>\ng.m. <del>Dorothea Kahm<\/del>\u00a0Dorothea Joansdotter Taube til F\u00ffr<\/span><\/p>\n<p><span style=\"color: #000000;\">Hinric \/Anders\/ Mejerfelt til Festen<br \/>\nblef \u00e5r 1657. \u00d6fverste-Lieutenant. efter slutan fred 1660 afdanckad: sedermera \u00d6fverInspector uti Estland. 1674. 24. nov. adlad, kallad f\u00f6rut Mejer. 1675 introducerad No. 864.<br \/>\ng.m. Catharina <del>M\u00e5rtensdotter Wulf, dotter af Lifl\u00e4nderska Deputerta Henric<\/del> M\u00e5rtenson Wulf til Dert och Louisa Vitinghoff, Henric Wolfenski\u00f6ld til Lemoverden och Dert i Lifl.\u00a0myntm.\u00a0i Riga, som blef adlad 1646 den 17 Oct. kallad f\u00f6rut Wolf, och fick til wapn en f\u00f6rgyld ski\u00f6ld derutinnan en Ulf af naturlig farg, risandes sig half \u00f6fver ett gr\u00f6nt brug, och\u00a0farbor med armaren\u00a0en hwit rosen stilte med 4 blad. etc.\u00a0<span style=\"color: #0000ff;\"><a style=\"color: #0000ff;\" href=\"#voetnoot\">(2)<\/a><\/span><\/span><\/p>\n<p><span style=\"color: #000000;\">2. Johan Henricsson Mejerfelt<br \/>\ngrefve\u00a0\/ <\/span><span style=\"color: #000000;\">1684 friwillig under Gen. Major von der Pahlens reg. til f\u00fcs. 1686 cornett ibid. 1688 Lieut. ibid. 1693 capitaine under gref Evold Hastfers\u00a0Svenska regementa\u00a0i Holland. 1697\u00a0 &#8230; major af \u00f6fverste Crassous reg. 1698 tillika med reg. afdanckad: och kom samma \u00e5r til Stockholm. 1701 \/15 Nov\/ \u00f6fversteLieutenant \u00c5bol\u00e4ndska\u00a0Cav. 1702 \u00d6fverste f\u00f6r bem\u00e4lte reg. <\/span><span style=\"color: #000000;\">(&#8230;)<br \/>\n\u00f6fversteLieutenant blef 1702 d. 18 Febr <del>Dec. \/1703<\/del>\/ \u00d6fverste, 1703 d. 20 Nov. \u00d6fverste f\u00f6r alt regemente Dragoner den han self upr\u00e4ttade. 1704. den\u00a01 J\u00fcnii General Major\u00a0af Cavalleret. 1705 friherre. 1710. 30 aug. General Lieutenant af Caval. och \u00d6fverCommendant i Stettin. 1711 den 4 Julii General Gouverneur i Pommmn. 1711. den 12 Oct General af infanteriet. 1713 den 27 Martii\u00a0grefven 1719 cancellieR\u00e5d. fod i Lifland\u00a0<span style=\"text-decoration: line-through;\">1646 1676 1666<\/span>\u00a0\/ 1664 \/. \u2020 p\u00e5 sitt gods S\u00f6fdeburg 2 mil ifr\u00e5n \u0178stad 1749. 9. nov 4 barn.<br \/>\ng.m. 1mo. Anna Maria T\u00f6rnflycht. commerce R\u00e5dets Olof T\u00f6rnflychtsdotter til N\u00ffn\u00e4s, och Estavik.\u00a0etc. <del>\u2020 barnlos<\/del> gift 1707. den 30 Maii uti G\u00fcntersdorff \u00fcti Saxen i K. Carls och Stanislai n\u00e4rvan, \u2020 barnlos. <span style=\"color: #0000ff;\"><a style=\"color: #0000ff;\" href=\"#voetnoot\">(3)<\/a><\/span><br \/>\n2do. Brita Barnekow, \u00d6fverste Kail Christopher Barnekowsdotter til Rolsvik, Vidski\u00f6fla. etc. f\u00f6d 1700. 30 aprilis. gift 1717. 13 martii.<\/span><\/p>\n<p><span style=\"color: #000000;\">3. Wolmar Mejerfeldt <del>gref<\/del> \u00d6fverste i Keiserlig tienst, blef 1719. 18 aug. grefven 1720 introducerad p\u00e5 Riddarh\u00fcset i Grefver classen under sin broders numer 59. dog som Keiserlig General F\u00e4lltmarskalck <del>Og<\/del> Lieutenant ogift<\/span><\/p>\n<p><span style=\"color: #000000;\">1. Carl Fridric Mejerfelt<\/span><br \/>\n<span style=\"color: #000000;\"><del>\u00d6fversteLieutenant<\/del> capitain af \u00d6sterbottens reg. blef\u00a01700. 20 oct Major ibid. 1703 d. 8 Apr. \u00d6fversteLieut. ibid. 170\u00a0 \u00d6fwerste Slagen\u00a01709 vid P\u00e5ltava.<\/span><br \/>\n<span style=\"color: #000000;\"> g.m. Eleonora Hastfehr, med\u00a0hwilken han h\u00e5de en son, \u2020 \u00fcng och ligger begrefven i Festens\u00a0kyrkio vid Oberpalen.<\/span><\/p>\n<p><span style=\"color: #000000;\">[barn av 2. Johan August 1664-1649]<\/span><\/p>\n<p><span style=\"color: #000000;\">4. Johan August Johansson Mejerfelt<br \/>\nf\u00f6d 1725. 4 Maii. <\/span><span style=\"color: #000000;\">blef 1737 f\u00f6rare vid grefve Dohnas reg. samma \u00e5r kongl. cammar herre. 1744\u00a0capitaine vid drottning U.E. Lifregemente. 1745 gick i Keiserlig tienst. 1746 til allierta arme\u00e9n under f\u00f6rsten af Waldeck, som Volontaire i Braband. 1747. des General\u00a0Adjudant, f\u00e5ngen i batallen af Lafelt. 1751. 4 Dec. Riddare af Sverdsorden<\/span><br \/>\n<span style=\"color: #000000;\">g.m. Louisa Augusta Sparre, f\u00f6dd 1745. 14 Sept. gift 1763 d. 13 December<\/span><\/p>\n<p><span style=\"color: #000000;\">2. Carl Friedric Mejerfelt<\/span><br \/>\n<span style=\"color: #000000;\">f\u00f6d 1721. d. 13 Febr. Camarherre och Major.<\/span><\/p>\n<p><span style=\"color: #000000;\">3. Anna Catharina.<br \/>\nf\u00f6d 1722. 6. Maii gift 1741. den 7 Jul. med grefve Adam Horn til<br \/>\nS.R.R. Riddare och Commandeur\u00a0af Kongl Svenska Orden<\/span><\/p>\n<p><span style=\"color: #000000;\">1. Ulrica Margaretha<\/span><br \/>\n<span style=\"color: #000000;\">f\u00f6d 17\u00a0\u00a0\u00a0 <\/span><span style=\"color: #000000;\">\u2020 1728.<\/span><\/p>\n<hr \/>\n<p><span style=\"color: #800000;\"><strong>BLAD 2<\/strong><\/span><\/p>\n<p><span style=\"color: #000000;\">Johan Mejer herr til \/Babbus<br \/>\nf\u00f6rde i <del>vapn<\/del> bl\u00e5tt f\u00e4lt en hvit sk\u00e4ra. <del>\u00d6fverste<\/del> \/Ryttm\u00e4stare\/\u00a0f\u00f6r en f\u00e4nika Lifl\u00e4ndiska Ritterne.\u00a0Lefde 1480. 1510.<br \/>\n<\/span><span style=\"color: #000000;\">g.m. Gertr\u00fcd Farensbach.<br \/>\nsom f\u00f6rde uti en hvit sk\u00f6ld en r\u00f6d igenom br\u00fcten mur.\u00a0P\u00e5 ski\u00f6lden en oph. tornerh. hvarutur steg den \u00f6ten\u00a0delne.<br \/>\n<\/span><\/p>\n<p><span style=\"color: #000000;\">Wolmar Johansson Mejer<br \/>\nSt\u00e5thollerne \u00f6fver Wendiska gebietet 1520. 1532.<br \/>\ng.m. Agnetha von <del>Kehden<\/del> Tiesenhausen til Odense,<br \/>\nf\u00f6rde i en guul ski\u00f6ld en hvit g\u00e5ende oxe med horn,\u00a0af en menniska\u00a0f\u00f6r \u00fctan armar, hafvandes\u00a0p\u00e5 h\u00fcfvudet\u00a0en en Ungersk skinm\u00f6sse. Kransen och l\u00f6fverket af rod och hvit farga med hvar ondra beblandat.<br \/>\n<\/span><\/p>\n<p><span style=\"color: #000000;\">Henric Mejer<\/span><br \/>\n<del><span style=\"color: #000000;\">Ofverste och \/ Castellan i Riga \u00e5r 1560<\/span><\/del><br \/>\n<span style=\"color: #000000;\">1562.<br \/>\ng.m. <del>Catharina Ungern<\/del> Magdalena Wrangel<br \/>\nLandtR. Wolmar Wrangels dotter til Elstfer med Magdalena Taube<br \/>\nmejer<\/span><\/p>\n<p><span style=\"color: #000000;\">Wolmar Mejer.<\/span><br \/>\n<span style=\"color: #000000;\">St\u00e5thollaren p\u00e5 Padis Sl\u00e5tt<\/span><br \/>\n<span style=\"color: #000000;\">1592. 1599<br \/>\naf Me \/ Medan jag en moste<br \/>\ng.m. Anna <del>Taube (&#8230;)<\/del> \/ Johansd \/ Yxkul til Koski med Barbara Ahnrep <span style=\"color: #0000ff;\"><a style=\"color: #0000ff;\" href=\"#voetnoot\">(4)<\/a><\/span><br \/>\n<\/span><span style=\"color: #000000;\">att denna att tafla \u00e4r \u00f6fverenst\u00e4mmande med fr<br \/>\n4-7<br \/>\n<span style=\"text-decoration: underline;\">1-24<\/span><br \/>\n<\/span><\/p>\n<p><span style=\"color: #000000;\">[BOVEN LINKS]<\/span><\/p>\n<p><span style=\"color: #000000;\"><del>Tuve Bremen dotter<\/del><\/span><br \/>\n<span style=\"color: #000000;\">Margaretha Bremen til Engdes<\/span><br \/>\n<span style=\"color: #000000;\">f\u00f6rda <span style=\"text-decoration: underline;\">i vapn<\/span> en hvit sk\u00f6ld ofr hvilken mitt \u00f6fver\u00a0gick\u00a0en bl\u00e5\u00a0bielke\u00a0upp\u00e5\u00a0(&#8230;)\u00a0i bredd hodo 3\u00a0nycklar,\u00a0Tuve Bremensdotter med Marg.\u00a0Taube til Maidel.<br \/>\n<\/span><span style=\"color: #000000;\">1592<span style=\"color: #0000ff;\"><a style=\"color: #0000ff;\" href=\"#voetnoot\">.(5)<\/a><\/span><\/span><\/p>\n<p><span style=\"color: #000000;\">Joackim Scheel til S\u00fccho\u00fc och Kon\u00fcngsb.<\/span><br \/>\n<span style=\"color: #000000;\">Blef 1597\u00a0amiral 1599 Riksam. ock tillika St\u00e5lf.\u00a0<del>i f\u00a0<\/del>p\u00e5 \u00c5bo\u00a0Slott \u2020 1606 &#8230; Junii f. J. 20 aug. fick Jacob Goltberg\u00a0 (&#8230;) och gardar\u00a0<span style=\"color: #0000ff;\"><a style=\"color: #0000ff;\" href=\"#voetnoot\">(6)<\/a><\/span><\/span><\/p>\n<hr \/>\n<p><strong><span style=\"color: #800000;\">BLAD 3<\/span><\/strong><\/p>\n<p><span style=\"text-decoration: underline;\"><span style=\"color: #000000; text-decoration: underline;\">Det H\u00f6gGrafliga Meijerfeltska \u00e4ttertalet.<\/span><\/span><\/p>\n<p><span style=\"color: #000000;\">Johan Meijer, herrn til B\u00fcbb\u00fcs<\/span><br \/>\n<span style=\"color: #000000;\">Castellan i Riga. <del>vid<\/del> <del>\u00e5r<\/del> lefde \u00e5r 1480. 1510. och f\u00f6rde i vapn en <del>silver<\/del> hvit sk\u00e4ra i bl\u00e5tt f\u00e4lt.<\/span><br \/>\n<span style=\"color: #000000;\"> g.m.\u00a0Gertrud Farensbach<br \/>\nsom f\u00f6rde\u00a0\u00fcti en hvit ski\u00f6ld en r\u00f6d m\u00fcr\u00a0p\u00e5 sex st\u00e4llen igenombr\u00fcten.\u00a0P\u00e5 ski\u00f6lden en \u00f6ppen tornerhielm, hvar\u00fct\u00fcr des \u00f6tan delen af en menniska in f\u00f6r \u00fctan armar, \u00a0som hafver p\u00e5 h\u00fcfv\u00fcdet\u00a0en \u00dcngersk skinm\u00f6ssa. Krantsen och l\u00f6fwercket af r\u00f6d och hvit\u00a0ferga med hvar andra beblandat.<\/span><\/p>\n<p><span style=\"color: #000000;\">Wolmar Johansson <del>Mejer <\/del>Meijer<\/span><br \/>\n<span style=\"color: #000000;\"> St\u00e5thallare \u00f6fver Wendiska gebietet \u00e5r\u00a01520. 1532.<br \/>\ng.m.\u00a0<\/span><span style=\"color: #000000;\">Agnes von Tiesenha\u00fcsen til Odense<br \/>\nf\u00f6rde en hvit\u00a0<\/span><span style=\"color: #000000;\">g\u00e5ende Oxe \u00fcti en g\u00fc\u00fcl ski\u00f6ld.<\/span><\/p>\n<p><span style=\"color: #000000;\">Henric Wolmarson Mejer<\/span><br \/>\n<span style=\"color: #000000;\">Ryttmestare\u00a0af Lifl\u00e4ndska Rijtteriet\u00a0och \u00a0tillika Land Richter 1560.1562 <\/span><br \/>\n<span style=\"color: #000000;\"> g.m.\u00a0Magdalena Wrangel<br \/>\nLandtR\u00e5deth Wolmar Wrangelsdotter till Elstfer <\/span><span style=\"color: #000000;\">med Magdalena Taube.<\/span><\/p>\n<p><span style=\"color: #000000;\">Wolmar Henricsson <del>Mejer<\/del> Meijer<\/span><br \/>\n<span style=\"color: #000000;\"> St\u00e5th\u00e5llare p\u00e5 Padis slott\u00a01592.1599<\/span><br \/>\n<span style=\"color: #000000;\"> g.m.\u00a0Margaretha Bremen til Engdes<br \/>\nsom\u00a0f\u00f6rde i vapn en hvit ski\u00f6ld, mitt \u00f6fver hvilken <del>b\u00e5g<\/del> \/ ligger \/ en bl\u00e5\u00a0bielke \/ och \/\u00a0upp\u00e5 <del>han<\/del> den\u00a0samma\u00a0st\u00e5 tre nycklar i bredd upprekta; hon var Tuve Bremensdotter med Margaretha Taube til Maidel.<\/span><\/p>\n<p><span style=\"color: #000000;\">Johan Wolmarsson Meijer til Festen<\/span><br \/>\n<span style=\"color: #000000;\">Sl\u00e5ttshoppman p\u00e5 Felin vid \u00e5r 1620<\/span><br \/>\n<span style=\"color: #000000;\">g.m. Dorothea Joansdotter Taube till Fijr.<\/span><\/p>\n<p><span style=\"color: #000000;\">Anders Johanson Meijerfelt till Festen.<br \/>\nEfter giorda utrikes krigs tienster, blef han 1655.\u00a0<\/span><span style=\"color: #000000;\">Ingenieur vid Svenska arm\u00e9en\u00a0och n\u00e5gon tid d\u00e4refter af de danska f\u00e5ngne, och f\u00f6rd till Gl\u00fcckstad, den han d\u00e5 afritade,\u00a0jemte beskrifning, h\u00fcr\u00fc den samma l\u00e4tteligen k\u00fcnde Er\u00f6fras, samt til K. Carl Gustaf \u00f6fverskickade hwilken <del>daraf<\/del> s\u00e5 n\u00e5digt emottogs, att han <del>n\u00fc<\/del> ben\u00e5dade honom\u00a0nij allenast med \u00f6verste lieutenants best\u00e4llning, utom och med en god f\u00f6r\u00e4ring; \u00e5r 1660, efter sl\u00fcten fred afdanckad: vardt\u00a0 sedermera \u00d6fver Inspector \u00f6fver Kongl. domainerne i Estland, hwilka han s\u00e5 w\u00e5l och ber\u00f6mligen f\u00f6restod, att Kon\u00fang Carl den XI. giorde honom 1674. den 24 Nov. til Svensk adelsman med\u00a0<\/span><span style=\"color: #000000;\">f\u00f6rb\u00e4ttring <del>m p\u00e5<\/del> af des f\u00f6rra adeliga vapn, samt n\u00e5digst\u00a0efterl\u00e4t\u00a0honom att kalla och skrifva sig Mejerfelt <del>a<\/del>\u00a0til \u00e5tskillnad \/ ifran \/ m\u00e5nga andra b\u00e5de adeliga och oadeliga atter, som kallade sig ock\u00a0Mejer.<br \/>\n<\/span><span style=\"color: #000000;\">g.m. \/ Anna \/ Catharina Wolfenski\u00f6ld<br \/>\n<\/span><span style=\"color: #000000;\">\/ broders \/ dotter af Kongl. M\u00ffntm\u00e4staren i Riga, Henric \/ M\u00e5rtensson \/ Wolfenski\u00f6ld till Lemoverden och Dert i Lifland, som blef adlad 1646. den\u00a017. Octobris, kallad f\u00f6rr\u00fct Wolf, och fick til vapn,\u00a0 en f\u00f6rg\u00ffld ski\u00f6ld, d\u00e4r\u00fctinnan en Ulf af naturlig f\u00e4rg, som risar sig half \u00f6fver att gr\u00f6nt burg, och fattar med ramaren\u00a0en hvit rosenstielke med 4. blad. etc. etc.\u00a0<span style=\"color: #0000ff;\"><a style=\"color: #0000ff;\" href=\"#voetnoot\">(2)<\/a><\/span><\/span><\/p>\n<p><span style=\"color: #000000;\">Carl Friedric Meijerfelt til Festen<\/span><br \/>\n<span style=\"color: #000000;\">Capiteine af Osterbottens reg. blef 1700. den 20 oct. Major ibidem. 1703 den 8 aprilis \u00d6fversteLieuten. 1708. \u00d6fverste f\u00f6dd 1663. slagne 1709 vid Poltava.<br \/>\ng.m. Eleonora Hastfer<br \/>\n&#8230; Carlsson Meijerfelt<br \/>\n\u2020 \u00fcng och ligger begrafven i Festens k\u00ffrkio vid OberPalen.<\/span><\/p>\n<p><span style=\"color: #000000;\">Johan August.<\/span><br \/>\n<span style=\"color: #000000;\"><span style=\"text-decoration: underline;\">Tab<\/span> 2.<\/span><\/p>\n<p><span style=\"color: #000000;\">Wolmar <del>Johansson<\/del> \/Anderson\/ Meijerfelt<br \/>\n\u00f6fverste i Romersk Keiserlig tienst,blef 1719 den 18 aug.\u00a0Svensk grefve och introducerade p\u00e5 Riddarehuset\u00a0i grefve classen \u00fcnder sin broders numer No. 59. vardt sist Keiserlig general f\u00e4ltmarskalck Lieuteant. f\u00f6dd 1666. \u2020 ogift <del>173<\/del> \/ 1739<\/span><\/p>\n<hr \/>\n<p><span style=\"color: #800000;\"><strong>BLAD 4<\/strong><\/span><\/p>\n<p><span style=\"color: #000000; text-decoration: underline;\">Tab. 2.<\/span><\/p>\n<p><span style=\"color: #000000;\">Johan August <del>Henricsson<\/del> \/Andersson \/ Meijerfeldt tab. 1. grafen til S\u00f6fdeb\u00fcrg<\/span><br \/>\n<span style=\"color: #000000;\"> Blef 1684 friwillig \u00fcnder Major von der Pahlens regemente til f\u00fcs. 1686 Cornett ibidem. 1688 Lieutenant ibid. 1693. Capitaine \u00fcnder grefve\u00a0Evold Hastfers Svenska regemente i Holland. 1697 Major af\u00a0\u00d6fverste Crasso\u00fcs regemente. 1698. med regemente afdanckad, och kom samma \u00e5r til Stockholm. vardt 1701 den 15 nov. \u00d6fverste Lieutenant af \u00c5bo \/ och Bj\u00f6rneborgs \/ l\u00e4ns cavallerie. 1702. den 18 Feb. \u00d6fverste f\u00f6r <del>att a.<\/del> ibidem. 1703. den 20 nov. \u00f6fverste f\u00f6r ett regemente Dragoner den han sielf \u00fcppr\u00e4ttade. 1704 d. 1 Junii General Major af Cavalleriet. 1705 friherre. 1710. d. 30. aug. General Lieutenant\u00a0af Cavalleriet och \u00f6fverCommandant i Stettin. 1711. d. 4 Julii Vice-Gouveremente i Pomern., R\u00fcgen, ock Vismar. s.\u00e5. Academiens Canceller i Gripswald. 1719 Cancellie R\u00e5d, hwilket ambete han <del>med<\/del> efter sl\u00fcten fred quitterade, och gick tillsitt Gouvernemente i Pomern. f\u00f6dd i Lifland 1664. \u2020 p\u00e5 sitt gods S:\u00f6fdeborg 2 mil ifr\u00e5n \u0178stad 1749. den 19 nov. begrefven i Nehringe kyrkio i Pomern.<br \/>\n<\/span><span style=\"color: #000000;\">g.m. 1mo Anna Maria T\u00f6rnflycht<br \/>\ngift 1707. den 30 Maii uti G\u00fcntersdorff i Sachsen i Kon\u00fcng Carls den XII.s och Kon\u00fcng Stanislai n\u00e4rvaro. \u2020 17 &#8230;. dotter av Commerce R\u00e5det Olof T\u00f6rnflycht til N\u00ffn\u00e4s och Estavik och Margaretha Andersen.<\/span><br \/>\n<span style=\"color: #000000;\">2do Brita Barnekow<\/span><br \/>\n<span style=\"color: #000000;\">f\u00f6dd 1700. den 30 Aprilis. gift 1717. den 13 Martii. dotter af \u00f6fversten herr Kail Christopher Barnekow til Rolswick, Widski\u00f6fla etc. och grefvinnan Margaretha Rutgersdotter von Ascheberg til S\u00f6fdeborg och \u00c5gerup, som \u2020 1753 den 200 octobris<\/span><\/p>\n<p><span style=\"color: #000000;\">2. Ulrica Margaretha Meijerfeldt<\/span><br \/>\n<span style=\"color: #000000;\"> f\u00f6d 1719 p\u00e5 Wisings\u00f6,\u00a0\u2020 1728.<br \/>\nbegrefven i Nehringe kyrkio<br \/>\n<\/span><\/p>\n<p><span style=\"color: #000000;\">2. Carl Friedric Johansson Meijerfeldt<\/span><br \/>\n<span style=\"color: #000000;\"> f\u00f6d 1721. den 13 Febr. Kongl. Camarherre och Major.<\/span><\/p>\n<p><span style=\"color: #000000;\">2.<del> Johan August Johansson Meijerfel<\/del><br \/>\nAnna Catharina Meijerfeldt<\/span><br \/>\n<span style=\"color: #000000;\">f\u00f6d 1722. den 6. Maii. gift 1741. den 7 Jul. med grefve Adam Horn til<\/span><br \/>\n<span style=\"color: #000000;\"> Ekebyholm, Riks R\u00e5d,\u00a0Riddare och Commandeur\u00a0af Kongl.\u00a0Majts Orden.<\/span><\/p>\n<p><span style=\"color: #000000;\">2. Johan August Johansson Meijerfeldt<\/span><br \/>\n<span style=\"color: #000000;\"> f\u00f6d 1725 den\u00a04 Maii. blef 1737 f\u00f6rare vid grefve Dohnas v\u00e4rfvade inf. reg. samma \u00e5r Kongl. Camarherre. 1744.\u00a0capitaine vid drottning Ulrica Eleonoras Lifreg. gick 1745\u00a0i Keiserlig tienst, och \u00e5r\u00a01746 til Allierta arme\u00e9n \u00fcnder f\u00f6rstens af Waldeck bef\u00e4l i Braband, som Volontaire. 1747. des General\u00a0Adjudant, f\u00e5ngen i bataillen af Lafelt. 1751.\u00a0Riddare af Sverds Orden<span style=\"color: #333333;\">.<a id=\"voetnoot\"><\/a><\/span><\/span><\/p>\n<p>&nbsp;<\/p>\n<p>&nbsp;<\/p>\n<p style=\"text-align: justify;\"><span style=\"color: #000000;\"><span style=\"font-family: georgia,palatino,serif; font-size: 10pt;\">1.\u00a0Aantekeningen van het onderzoek van\u00a0de auteur\u00a0vanaf 1724 (zijn tijd\u00a0in Riga)\u00a0tot zijn dood in 1765. Sommige gegevens lijkt hij pas in de laatste tien jaar te hebben toegevoegd &#8211;\u00a0zoals de voornamen Anders en Anna,\u00a0de reeks Meijers terug tot 1480 en\u00a0het oorspronkelijke wapenschild\u00a0&#8211; omdat deze\u00a0(soms met lichtere pen) boven de oorspronkelijke tekst is \u00a0gevoegd,\u00a0het derde en vierde blad\u00a0een herschrijving zijn van het eerste en tweede blad\u00a0en\u00a0in zijn publicatie <span style=\"font-size: small;\">\u201cMatrikel \u00f6fver Swea Rikes Ridderskaps och Adel\u201d<\/span>\u00a0uit\u00a01745-1755\u00a0nog\u00a0zijn opengelaten.<\/span><span style=\"font-size: 10pt;\"><br \/>\n<\/span><\/span><span style=\"color: #000000; font-size: 10pt;\">2.\u00a0Ten opzichte van zijn &#8220;Matrikel&#8230;&#8221; uit\u00a01754-1755\u00a0schrapt de auteur\u00a0M\u00e5rten Wulf\u00a0als vader\u00a0van Catharina en\u00a0zet daarvoor\u00a0in de plaats\u00a0diens broer Henric Wolfenski\u00f6ld en onbekende vrouw\u00a0Louisa Vitinghoff. Daarbij\u00a0had &#8220;M\u00e5rtensson&#8221;\u00a0trouwens &#8220;Henricsson&#8221;\u00a0moeten zijn. Verderop draait\u00a0hij\u00a0dit terug\u00a0door haar\u00a0&#8220;brodersdotter&#8221; van Henric te noemen. Gelukkig baseren Wahlstr\u00f6m &amp; L\u00e5stbom (1843), Anrep (1888) en Elgenstierna\u00a0(1932)\u00a0zich op &#8220;Matrikel&#8230;&#8221;\u00a0en\u00a0verschijnen\u00a0M\u00e5rten Wulf en\u00a0Ursula Marquard weer als\u00a0ouders, maar\u00a0Henric Wulf geadeld Wolfenski\u00f6ld wordt neergezet\u00a0als haar broer, niet haar\u00a0oom.<br \/>\n3. Dat is niet helemaal correct. Anna Maria T\u00f6rnflycht overleed in 1710 vermoedelijk aan de toen heersende pest, gelijk met hun net geboren en gedoopte dochter Carolina.<br \/>\n4. Voor deze dochter van\u00a0Johann von \u00dcxkull (1532-1563) en Barbara von Anrep (1534-1563) stel de auteur\u00a0nadien Margaretha von Bremen in de plaats.<br \/>\n5. Staat linksboven op dit blad en is (nog) niet verbonden met Wolmar Mejer, bij\u00a0wie een andere vrouw wordt genoemd.<br \/>\n6.\u00a0Staat rechtsboven\u00a0op dit blad:\u00a0een korte biografie van\u00a0rijksadmiraal\u00a0Joachim Scheele (1531-1606), ongehuwd.\u00a0Hoewel\u00a0hij met zijn vloot\u00a0vanuit Zweden en Finland enkele keren naar Estland en Lijfland\u00a0gaat, wordt\u00a0de verbinding met Wolmar Meijer niet gelegd en\u00a0keert zijn naam verder niet meer terug.<br \/>\n<\/span><\/p>\n","protected":false},"excerpt":{"rendered":"<p>Anders Anton von Stiernman (1695-1765) \u2013 \u201cMatrikel \u00f6fver Swea Rikes Ridderskap och Adel\u201d, Stockholm 1754-1755, deel 1, pag. 44-45 en 648, deel 2, pag. 1125, 1329, 1380, 1419 en 1420. \u2663 \u2013 \u201cSamling utaf Kongl. bref, stadgar och f\u00f6rordningar &amp;c. ang\u00e5ende Sweriges rikes commerce, politie och oeconomie uti gemen: ifr\u00e5n \u00e5hr 1523 in til gemen &hellip; <a href=\"https:\/\/meijenfeldt.nl\/?page_id=12369\" class=\"more-link\">Verder lezen <span class=\"screen-reader-text\">Stiernman<\/span><\/a><\/p>\n","protected":false},"author":1,"featured_media":0,"parent":0,"menu_order":0,"comment_status":"closed","ping_status":"closed","template":"","meta":{"footnotes":""},"class_list":["post-12369","page","type-page","status-publish","hentry"],"_links":{"self":[{"href":"https:\/\/meijenfeldt.nl\/index.php?rest_route=\/wp\/v2\/pages\/12369","targetHints":{"allow":["GET"]}}],"collection":[{"href":"https:\/\/meijenfeldt.nl\/index.php?rest_route=\/wp\/v2\/pages"}],"about":[{"href":"https:\/\/meijenfeldt.nl\/index.php?rest_route=\/wp\/v2\/types\/page"}],"author":[{"embeddable":true,"href":"https:\/\/meijenfeldt.nl\/index.php?rest_route=\/wp\/v2\/users\/1"}],"replies":[{"embeddable":true,"href":"https:\/\/meijenfeldt.nl\/index.php?rest_route=%2Fwp%2Fv2%2Fcomments&post=12369"}],"version-history":[{"count":97,"href":"https:\/\/meijenfeldt.nl\/index.php?rest_route=\/wp\/v2\/pages\/12369\/revisions"}],"predecessor-version":[{"id":50179,"href":"https:\/\/meijenfeldt.nl\/index.php?rest_route=\/wp\/v2\/pages\/12369\/revisions\/50179"}],"wp:attachment":[{"href":"https:\/\/meijenfeldt.nl\/index.php?rest_route=%2Fwp%2Fv2%2Fmedia&parent=12369"}],"curies":[{"name":"wp","href":"https:\/\/api.w.org\/{rel}","templated":true}]}}