{"id":11738,"date":"2018-10-05T19:17:18","date_gmt":"2018-10-05T19:17:18","guid":{"rendered":"http:\/\/meijenfeldt.nl\/?page_id=11738"},"modified":"2024-12-30T14:49:02","modified_gmt":"2024-12-30T14:49:02","slug":"1-8-4-laatste-jaren","status":"publish","type":"page","link":"https:\/\/meijenfeldt.nl\/?page_id=11738","title":{"rendered":"1.8.6. Serafijnen Ridder"},"content":{"rendered":"<p style=\"text-align: justify;\"><span style=\"color: #000000;\">De nieuwe Zweedse koning Gustaaf IV Adolf neemt op 21 november 1796 plechtige besluiten over wie er tot de hoogste Serafijnen Ridderorde mag toetreden. In zijn reactionaire politiek passeert hij de getrouwen van zijn oom Karel en benoemt oude getrouwen van zijn vader Gustaaf III. Het wordt een klein wonder genoemd dat Johann August von Meijerfeldt jr de boot mist. <span style=\"color: #0000ff;\"><a style=\"color: #0000ff;\" href=\"#voetnoot\">(1)<\/a><\/span><\/span><span style=\"color: #0000ff;\">\u00a0<\/span><\/p>\n<p style=\"text-align: justify;\"><span style=\"color: #000000;\">Hij neemt <\/span><span style=\"color: #000000;\">op 6 oktober 1797 als veldmaarschalk wel een vooraanstaande positie in tijdens de ceremonie in Stralsund voor de toekomstige bruid van de Zweedse koning, Frederika Dorothea Wilhelmina von Baden. Een jaar eerder had Catharina II de Grote haar kleindochter Alexandra Paulowna voorbestemd voor Gustaaf IV Adolf, maar ondanks een verliefdheid was hij in St. Petersburg niet komen opdagen op de verlovingsceremonie. Achter zijn rug om was geregeld dat de nieuwe koningin Russisch-Orthodox mocht blijven.\u00a0<\/span><\/p>\n<p style=\"text-align: justify;\"><span style=\"color: #000000;\">Tijdens de jaarlijkse ceremonie <\/span><span style=\"color: #000000;\">in de kapel van de Serafijnen Orde in het Koninklijk Slot in Stockholm <\/span><span style=\"color: #000000;\">is Johann August jr \u00e9\u00e9n van de drie die eindelijk wel\u00a0<\/span><span style=\"color: #000000;\">o<\/span><span style=\"color: #000000;\">p 1 november 1797\u00a0<\/span><span style=\"color: #000000;\">tot Ridder wordt benoemd<\/span><span style=\"color: #000000;\">. <span style=\"color: #0000ff;\"><a style=\"color: #0000ff;\" href=\"#voetnoot\">(2)<\/a><\/span> Hij mag de leeggekomen plaats 136 vervullen van de al benoemde, maar nog niet onderscheiden en intussen overleden ambassadeur Sprengtporten, wiens broer naar Rusland was overgelopen. De ceremonie voor de onderscheiding vindt jaarlijks op 28 april <\/span><span style=\"color: #000000;\">plaats<\/span><span style=\"color: #000000;\">. Het wordt te kort dag geoordeeld om de viering in 1798 te laten plaatsvinden, dus wordt de plechtigheid naar 1799 doorgeschoven. Dit weerhoudt Pehr Anders Liedstr\u00f6m er niet van om te beginnen met het schilderen van het wapenschild <\/span><span style=\"color: #000000;\">op een koperen plaat, <\/span><span style=\"color: #000000;\">zoals bij alle andere Serafijnen Ridders. In 1798 is het klaar en wordt de wapenplaat in de Serafijnenzaal in het Slot opgehangen.<\/span><\/p>\n<p style=\"text-align: justify;\"><span style=\"color: #000000;\">Johan Gustav Horn, de zoon van Anna Catharina von Meijerfeldt, overlijdt op 20 juni 1798. Hij is de laatste van deze tak van het geslacht Horn. Na een snelle militaire loopbaan <\/span><span style=\"color: #000000;\">had hij in 1788 als generaal-majoor afscheid genomen. Hij zou niet huwen, maar op 24 mei 1782 wel een natuurlijke zoon Gustaf Mattson bij Margareta J\u00f6nsdotter verwekken, met Zweeds nageslacht. <\/span><span style=\"color: #000000;\">Klas Julius Ekeblad is nu als weduwnaar van Brita Horn de enige erfgenaam en dat zal ook voor het geslacht Von Meijerfeldt gaan gelden. Tien jaar later zal ook hij als laatste van het geslacht Ekeblad overlijden en een bibliotheek van 5000 zeldzame boeken en astronomische instrumenten aan de \u00c5bo Academie nalaten.<\/span><\/p>\n<p style=\"text-align: justify;\"><span style=\"color: #000000;\">De graaf en gravin Von Meijerfeldt hebben allebei ouderdomskwalen: de graaf longtering, de gravin reuma. Longtering is tuberculosis (TBC) pulmonum, een aanhoudende ontsteking van een of beide longen, gepaard gaande met koorts, hoesten en vermagering. Omdat de reuma van de gravin vooral haar gezicht betreft kan het zijn dat zij lijdt aan het chronische Syndroom van Sj\u00f6gren &#8211; toevallig een latere Zweedse oogarts &#8211; die bestaat uit ontstekingen aan traan- en speekselklieren en leidt tot droge ogen en mond, vermoeidheid en gewrichtsklachten.\u00a0<\/span><span style=\"color: #000000;\">Daarom bezoeken zij Duitse bronnen, bijvoorbeeld in Pyrmont. Op 10 augustus 1798 komen zij aan in Berlijn om aan vrienden als Von R\u00f6\u00f6k van hun ervaringen te vertellen. <span style=\"color: #0000ff;\"><a href=\"#voetnoot\"><span style=\"color: #0000ff;\">(3)<\/span><\/a> <span style=\"color: #000000;\">Voor de wintermaanden steekt het echtpaar vanaf <\/span><\/span><\/span><span style=\"color: #000000;\">Stralsund de Oostzee over en arriveert op 19 september in Ystad. Op 15 oktober komen zij in Stockholm aan, waar de pas 53-jarige gravin haar grote hofhouding nog niet heeft be\u00ebindigd. <\/span><i><\/i><\/p>\n<p style=\"text-align: justify;\"><span style=\"color: #000000;\">In 1799 valt de Serafijnen Ordedag op een zondag, In plaats van nog een jaar uitstel blijkt een dag uitstel naar maandag 29 april geen probleem op te leveren. De plechtige processie onder aanvoering van de koning en prinsen, gevolgd door de Serafijnen ridders en onder begeleiding van een door abb\u00e9 Vogler hiervoor gecomponeerd muziekstuk arriveert in het Koninklijke Slot op Gamla Stan in Stockholm.<\/span><\/p>\n<p style=\"text-align: center;\"><img loading=\"lazy\" decoding=\"async\" class=\"alignnone wp-image-12301\" src=\"https:\/\/meijenfeldt.nl\/wp-content\/uploads\/2018\/11\/6885DCE2-5D35-455E-AD0A-7A01114142C7-300x204.jpeg\" alt=\"\" width=\"465\" height=\"316\" srcset=\"https:\/\/meijenfeldt.nl\/wp-content\/uploads\/2018\/11\/6885DCE2-5D35-455E-AD0A-7A01114142C7-300x204.jpeg 300w, https:\/\/meijenfeldt.nl\/wp-content\/uploads\/2018\/11\/6885DCE2-5D35-455E-AD0A-7A01114142C7-768x521.jpeg 768w, https:\/\/meijenfeldt.nl\/wp-content\/uploads\/2018\/11\/6885DCE2-5D35-455E-AD0A-7A01114142C7.jpeg 800w\" sizes=\"auto, (max-width: 465px) 100vw, 465px\" \/><br \/>\n<span style=\"color: #000000; font-size: 10pt;\"><i>Koninklijke Slotkapel<\/i><\/span><\/p>\n<p style=\"text-align: justify;\"><span style=\"color: #000000;\">In de kapel van de Serafijnen Orde houdt de koning een redevoering met de archa\u00efsche begroeting &#8220;<em>Gode Herrar, Svea och G\u00f6tha Riddare<\/em>! <span style=\"color: #0000ff;\"><a style=\"color: #0000ff;\" href=\"#voetnoot\">(4)<\/a>\u00a0<span style=\"color: #000000;\">Dan is het eindelijk de beurt aan Von Meijerfeldt.<\/span> <span style=\"color: #000000;\">Gekleed in een mantel van witte atlaszijde met zwarte omslagen en een witte hoed met zwarte en witte pluimen knielt hij voor de koning. Hij krijgt de keten en de blauwe sjerp met Ordenteken omgehangen. In de aansluitende kerkdienst wordt het door Maarten Luther geschreven psalm &#8220;Jesaja dem Propheten das geschah&#8221; met de relevante regel &#8220;Es stunden zween Seraph bei ihn daran&#8221; gezongen. In de vrije Zweedse vertaling volgt dan &#8220;F\u00f6r konungarnas konung skylde&#8221;.<\/span><\/span><\/span><\/p>\n<p style=\"text-align: center;\"><img loading=\"lazy\" decoding=\"async\" class=\" wp-image-12303 aligncenter\" src=\"https:\/\/meijenfeldt.nl\/wp-content\/uploads\/2018\/11\/112D00B6-DDE3-4ED2-B98B-0576CBB24851-210x300.jpeg\" alt=\"\" width=\"311\" height=\"444\" srcset=\"https:\/\/meijenfeldt.nl\/wp-content\/uploads\/2018\/11\/112D00B6-DDE3-4ED2-B98B-0576CBB24851-210x300.jpeg 210w, https:\/\/meijenfeldt.nl\/wp-content\/uploads\/2018\/11\/112D00B6-DDE3-4ED2-B98B-0576CBB24851.jpeg 475w\" sizes=\"auto, (max-width: 311px) 100vw, 311px\" \/><span style=\"color: #000000; font-size: 10pt;\"><i>Serafijnendracht (zwart-wit omgekeerd)<\/i><\/span><\/p>\n<p style=\"text-align: center;\"><span style=\"color: #000000; font-size: 10pt;\"><span style=\"color: #0000ff;\"><a style=\"color: #0000ff;\" href=\"https:\/\/meijenfeldt.nl\/?page_id=62959\">Terug<\/a><\/span>\u00a0 \u00a0***\u00a0 \u00a0<a href=\"https:\/\/meijenfeldt.nl\/?page_id=61057\"><span style=\"color: #0000ff;\">Verder<\/span><\/a><\/span><\/p>\n<p style=\"text-align: justify;\"><span style=\"color: #000000; font-size: 10pt;\">1. R.F. Hochschild, \u201cMemoarer\u201d, Stockholm 1909, deel 3, <span style=\"color: #0000ff;\"><a style=\"color: #0000ff;\" href=\"https:\/\/babel.hathitrust.org\/cgi\/pt?id=umn.31951001258370o&amp;view=1up&amp;seq=238\">pag. 228<\/a><\/span>.<br \/>\n<\/span><span style=\"color: #000000; font-size: 10pt;\">2. <span style=\"color: #0000ff;\"><a style=\"color: #0000ff;\" href=\"https:\/\/meijenfeldt.nl\/wp-content\/uploads\/2023\/03\/Serafimerorden-1797.pdf\">Utnamn &amp; Protocollet<\/a>,<\/span>\u00a0Gustaf IV Adolf, Stockholms Slott, Ordens Capittlet, 1 Nov. 1797.<br \/>\n3. L. von Engstr\u00f6m, <\/span><span style=\"color: #000000; font-size: 13.3333px;\">&#8220;Minnes och Anteckningar&#8221;, Stockholm 1876, deel 2,<\/span> <span style=\"font-size: 10pt;\"><a style=\"color: #000000;\" href=\"https:\/\/books.google.nl\/books?id=TWcIAAAAQAAJ&amp;pg=PA37&amp;dq=engestr%C3%B6m+meijerfelt&amp;hl=nl&amp;sa=X&amp;ved=0ahUKEwjAwcnLnvncAhXKaFAKHSZ7Aa8Q6AEIKjAA#v=onepage&amp;q=engestr%C3%B6m%20meijerfelt&amp;f=false\"><span style=\"color: #0000ff;\">pag. 17 en 34<\/span><\/a><\/span><span style=\"color: #000000; font-size: 10pt;\">.<br \/>\n<\/span><span style=\"color: #000000; font-size: 10pt;\">4. <span style=\"color: #0000ff;\"><a style=\"color: #0000ff;\" href=\"https:\/\/meijenfeldt.nl\/?page_id=53963\">Tal<\/a><\/span>, H\u00e5llit af Konungen Uti Ordens-Capellet i Stockholms Slott Den 29 April 1799, D\u00e5 til Riddare af Seraphimer-Orden Dubbades, En af Rikets Herrar, F\u00e4lt-Marskalken M.M. Herr Grefve Johan August Meyerfelt, efter Herr General-Lieutenanten och Ambassadeuren M.M. Friherre Johan Wilh. Sprengtporten.<\/span><span style=\"font-size: 10pt;\"><br \/>\n<\/span><\/p>\n","protected":false},"excerpt":{"rendered":"<p>De nieuwe Zweedse koning Gustaaf IV Adolf neemt op 21 november 1796 plechtige besluiten over wie er tot de hoogste Serafijnen Ridderorde mag toetreden. In zijn reactionaire politiek passeert hij de getrouwen van zijn oom Karel en benoemt oude getrouwen van zijn vader Gustaaf III. Het wordt een klein wonder genoemd dat Johann August von &hellip; <a href=\"https:\/\/meijenfeldt.nl\/?page_id=11738\" class=\"more-link\">Verder lezen <span class=\"screen-reader-text\">1.8.6. Serafijnen Ridder<\/span><\/a><\/p>\n","protected":false},"author":1,"featured_media":0,"parent":0,"menu_order":0,"comment_status":"closed","ping_status":"closed","template":"","meta":{"footnotes":""},"class_list":["post-11738","page","type-page","status-publish","hentry"],"_links":{"self":[{"href":"https:\/\/meijenfeldt.nl\/index.php?rest_route=\/wp\/v2\/pages\/11738","targetHints":{"allow":["GET"]}}],"collection":[{"href":"https:\/\/meijenfeldt.nl\/index.php?rest_route=\/wp\/v2\/pages"}],"about":[{"href":"https:\/\/meijenfeldt.nl\/index.php?rest_route=\/wp\/v2\/types\/page"}],"author":[{"embeddable":true,"href":"https:\/\/meijenfeldt.nl\/index.php?rest_route=\/wp\/v2\/users\/1"}],"replies":[{"embeddable":true,"href":"https:\/\/meijenfeldt.nl\/index.php?rest_route=%2Fwp%2Fv2%2Fcomments&post=11738"}],"version-history":[{"count":121,"href":"https:\/\/meijenfeldt.nl\/index.php?rest_route=\/wp\/v2\/pages\/11738\/revisions"}],"predecessor-version":[{"id":69378,"href":"https:\/\/meijenfeldt.nl\/index.php?rest_route=\/wp\/v2\/pages\/11738\/revisions\/69378"}],"wp:attachment":[{"href":"https:\/\/meijenfeldt.nl\/index.php?rest_route=%2Fwp%2Fv2%2Fmedia&parent=11738"}],"curies":[{"name":"wp","href":"https:\/\/api.w.org\/{rel}","templated":true}]}}