{"id":112,"date":"2016-09-04T16:12:25","date_gmt":"2016-09-04T16:12:25","guid":{"rendered":"http:\/\/wordpress.celinevonmeijenfeldt.nl\/?page_id=112"},"modified":"2024-08-13T09:58:12","modified_gmt":"2024-08-13T09:58:12","slug":"1-2-drie-jonge-officieren","status":"publish","type":"page","link":"https:\/\/meijenfeldt.nl\/?page_id=112","title":{"rendered":"1.3.1. Officier en hofmeester"},"content":{"rendered":"<p style=\"text-align: justify;\"><span style=\"color: #000000;\">Andreas Meijer is geboren rond het jaar 1630. <span style=\"color: #0000ff;\"><a style=\"color: #0000ff;\" href=\"#voetnoot\">(1)<\/a> <\/span><\/span><span style=\"color: #000000;\">Op 18-jarige leeftijd treedt hij net als zijn vader, grootvader en overgrootvader in het Zweedse leger. Hij wordt officier in de cavalerie. In de<\/span><span style=\"color: #000000;\"> Duitse gebieden woeden de laatste gevechten van de Dertigjarige Oorlog. <\/span><span style=\"color: #0000ff;\"><a style=\"color: #0000ff;\" href=\"#voetnoot\">(2)<\/a> <\/span><span style=\"color: #0000ff;\"><span style=\"color: #000000;\">Carl Gustaf von Wrangel (1613-1676) is daar de succesvolle veldmaarschalk. <\/span><\/span><span style=\"color: #000000;\">Bij de vrede moet Andreas zijn opgeklommen tot de rang van luitenant of kapitein, want enige tijd later is hij al voorbij de rang van majoor, namelijk luitenant-kolonel.<\/span><\/p>\n<p style=\"text-align: justify;\"><span style=\"color: #000000;\">In 1654 zoekt de 41-jarige Von <\/span><span style=\"color: #000000;\">Wrangel een hofmeester voor zijn jonge halfbroers Johann Friedrich en Wolmar Hermann von Wrangel (14 resp. 13 jaar). Hun gezamenlijke vader was 11 jaar eerder overleden en zijn halfbroers zijn uit het derde huwelijk met Amalia van Nassau-Siegen, de kleindochter van Jan van Nassau, jongere broer van Willem van Oranje in de Republiek.\u00a0<\/span><span style=\"color: #000000;\">Het oog van Carl Gustaf valt op Andreas Meijer. In de Dertigjarige Oorlog vochten zij samen en zij zijn familie van elkaar. <span style=\"color: #0000ff;\"><a style=\"color: #0000ff;\" href=\"#voetnoot\">(3)<\/a><\/span>\u00a0<\/span><\/p>\n<p style=\"text-align: justify;\"><span style=\"color: #000000;\">De functie houdt in dat Andreas de jonge broers moet gaan begeleiden bij hun studie aan het Collegium Illustre, een adellijke academie. <\/span>Een kleine twintig jaar eerder was Carl Gustaf daar zelf student geweest. <span style=\"color: #000000;\">Deze is internationaal ingericht en uitsluitend bedoeld voor scholing die specifiek beantwoordt aan het onderwijsideaal van de adel en ook uitsluitend bedoeld voor ridders in het Heilige Rooms Rijk. Dit onderwijsideaal bestaat uit een combinatie van ridderlijke vaardigheden en onderwijs die hen kwalificeert voor een carri\u00e8re in dienst van de staat. De jonge studenten krijgen onderwijs in recht, politieke wetenschappen, geschiedenis, natuurwetenschappen, moderne talen en ridderlijker vaardigheden. Bij dat laatste lopen de lessen uiteen van zingen, dansen en luitspelen tot paardrijden, schieten en krijgskunde. De lessen worden verzorgd in een vorstelijk onderkomen.<\/span><\/p>\n<p style=\"text-align: justify;\">Carl Gustaf had in de nevenvestiging in Stockholm gestudeerd, die in 1625 was opgericht om de Zweedse adel dichter bij huis te bedienen. Vier jaar later dwong een grote pestuitbraak deze vestiging haar deuren alweer te sluiten en in 1632 definitief. De moedervestiging ligt <span style=\"color: #000000;\">in T\u00fcbingen, helemaal <\/span><span style=\"color: #000000;\">in het Zuid-Duitse W\u00fcrttemberg.<\/span><span style=\"color: #000000;\"> De <\/span><span style=\"color: #000000;\">groothertog<\/span><span style=\"color: #000000;\"> had het <\/span><span style=\"color: #000000;\">in 1594 geopend, los van de daar ook gevestigde universiteit. Het is \u00e9\u00e9n van grootste en meest vooraanstaande adellijke academies van Europa. Het heeft een aantrekkingskracht op jonge adel uit de wijde omtrek, in het bijzonder uit Zweden. Een studie in het buitenland, en de reis daarnaartoe, wordt binnen de Zweedse aristocratie gezien als onderdeel van een nobele opvoeding. Het buitenland geeft jonge edelen inzichten en contacten die niet in het thuisland te verkrijgen zijn. Constantijn Huygens bezoekt de academie in 1620 op doorreis naar Veneti\u00eb en noemt de collegezalen \u2018vrij aardig\u2019, maar ze halen het volgens hem in de verste verte niet bij die van de Universiteit Leiden. Hetzelfde geldt voor de bibliotheek, \u2018waar toch zeker een grote hoeveelheid boeken berust\u2019.<\/span><\/p>\n<table style=\"border-collapse: collapse; width: 100%;\">\n<tbody>\n<tr>\n<td style=\"width: 50%;\"><img loading=\"lazy\" decoding=\"async\" class=\"alignnone size-medium wp-image-55018\" src=\"https:\/\/meijenfeldt.nl\/wp-content\/uploads\/2023\/04\/Tubingen-1-300x196.jpg\" alt=\"\" width=\"300\" height=\"196\" srcset=\"https:\/\/meijenfeldt.nl\/wp-content\/uploads\/2023\/04\/Tubingen-1-300x196.jpg 300w, https:\/\/meijenfeldt.nl\/wp-content\/uploads\/2023\/04\/Tubingen-1-1024x668.jpg 1024w, https:\/\/meijenfeldt.nl\/wp-content\/uploads\/2023\/04\/Tubingen-1-768x501.jpg 768w, https:\/\/meijenfeldt.nl\/wp-content\/uploads\/2023\/04\/Tubingen-1-1536x1001.jpg 1536w, https:\/\/meijenfeldt.nl\/wp-content\/uploads\/2023\/04\/Tubingen-1.jpg 1698w\" sizes=\"auto, (max-width: 300px) 100vw, 300px\" \/><\/td>\n<td style=\"width: 50%;\"><img loading=\"lazy\" decoding=\"async\" class=\"alignnone size-medium wp-image-55019\" src=\"https:\/\/meijenfeldt.nl\/wp-content\/uploads\/2023\/04\/Tubingen-3-300x190.jpg\" alt=\"\" width=\"300\" height=\"190\" srcset=\"https:\/\/meijenfeldt.nl\/wp-content\/uploads\/2023\/04\/Tubingen-3-300x190.jpg 300w, https:\/\/meijenfeldt.nl\/wp-content\/uploads\/2023\/04\/Tubingen-3-1024x647.jpg 1024w, https:\/\/meijenfeldt.nl\/wp-content\/uploads\/2023\/04\/Tubingen-3-768x485.jpg 768w, https:\/\/meijenfeldt.nl\/wp-content\/uploads\/2023\/04\/Tubingen-3-1536x971.jpg 1536w, https:\/\/meijenfeldt.nl\/wp-content\/uploads\/2023\/04\/Tubingen-3-2048x1294.jpg 2048w\" sizes=\"auto, (max-width: 300px) 100vw, 300px\" \/><\/td>\n<\/tr>\n<tr>\n<td style=\"width: 50%; text-align: center;\"><span style=\"color: #000000;\"><em><span style=\"font-size: 10pt;\">Collegium illustre: Das Geb\u00e4ude mit Garten<br \/>\nund Blick auf das Schloss Hohent\u00fcbingen<br \/>\n<\/span><\/em><\/span><\/td>\n<td style=\"width: 50%; text-align: center;\"><em><span style=\"font-size: 10pt;\"><span style=\"color: #000000;\">Collegium illustre:<br \/>\nKampfunterricht<\/span><br \/>\n<\/span><\/em><\/td>\n<\/tr>\n<\/tbody>\n<\/table>\n<p style=\"text-align: justify;\">Carl Gustaf onderhoudt contacten met T\u00fcbingen. Zo correspondeert hij met de rechtsgeleerde hoogleraar Thomas Lansius <span style=\"color: #000000;\">(1577-1657) <\/span>over een oude tekst ten behoeve van zijn bibliotheek. Hij besluit dat zijn jonge broers daar moeten studeren. Lansius doceert daar nog op hoge leeftijd. <span style=\"color: #000000;\">Andreas Meijer aanvaardt de functie en het driejarige verblijf in T\u00fcbingen. Halverwege dat jaar vertrekt hij <\/span><span style=\"color: #000000;\">met de broers en komt op 21 augustus 1654 <\/span><span style=\"color: #000000;\">in de stad<\/span><span style=\"color: #000000;\">\u00a0<\/span><span style=\"color: #000000;\">aan. Acht dagen later schrijft Andreas zijn eerste brief aan Carl Gustaf von Wrangel. Hij meldt bij mevrouw M\u00fcller te zijn ingetrokken en al een gesprek met de directeur te hebben gevoerd.<\/span><span style=\"color: #000000;\"> <span style=\"color: #0000ff;\"><span style=\"color: #000000;\">De broers staan niet in de Matrikelen van de Universiteit, maar worden wel opgesomd bij de studenten van het Collegium Illustre. Johan Fredrik studeert galliam (Frans)<em>\u00a0<\/em>en Wolmar patriam (vaderlandkunde).<\/span><\/span><\/span>\u00a0<a style=\"color: #0000ff;\" href=\"#voetnoot\">(4)<\/a><\/p>\n<p style=\"text-align: center;\"><img loading=\"lazy\" decoding=\"async\" class=\" wp-image-51883 aligncenter\" src=\"https:\/\/meijenfeldt.nl\/wp-content\/uploads\/2022\/11\/Carl-Gustaf-von-Wrangel-232x300.jpg\" alt=\"\" width=\"283\" height=\"366\" srcset=\"https:\/\/meijenfeldt.nl\/wp-content\/uploads\/2022\/11\/Carl-Gustaf-von-Wrangel-232x300.jpg 232w, https:\/\/meijenfeldt.nl\/wp-content\/uploads\/2022\/11\/Carl-Gustaf-von-Wrangel-791x1024.jpg 791w, https:\/\/meijenfeldt.nl\/wp-content\/uploads\/2022\/11\/Carl-Gustaf-von-Wrangel-768x994.jpg 768w, https:\/\/meijenfeldt.nl\/wp-content\/uploads\/2022\/11\/Carl-Gustaf-von-Wrangel-1187x1536.jpg 1187w, https:\/\/meijenfeldt.nl\/wp-content\/uploads\/2022\/11\/Carl-Gustaf-von-Wrangel-1583x2048.jpg 1583w, https:\/\/meijenfeldt.nl\/wp-content\/uploads\/2022\/11\/Carl-Gustaf-von-Wrangel-scaled.jpg 1978w\" sizes=\"auto, (max-width: 283px) 100vw, 283px\" \/><em><span style=\"color: #000000; font-size: 10pt;\">Carl Gustaf von Wrangel (1613-1676)<br \/>\nArtiest: <\/span><\/em><span style=\"color: #000000; font-size: 10pt;\">Matth\u00e4us Merian jr (1662)<\/span><\/p>\n<p style=\"text-align: justify;\"><span style=\"color: #000000;\">Op het thuisfront breekt de volgende oorlog uit. K<\/span><span style=\"color: #000000;\">oningin Christina van Zweden had haar abdicatie en bekering tot het katholieke geloof bekend gemaakt om plaats te maken voor haar speelmakker en neef\u00a0 uit het huis Wittelsbach. Hij wil wel de leiding nemen om samen met de nieuwe koning van Polen-Litouwen de door de Russische tsaar gesteunde opstand in Oekra\u00efne neer te slaan, maar die nieuwe koning wil juist zelf op de Zweedse troon komen vanwege de <\/span><span style=\"color: #000000;\">oude personele unie<\/span><span style=\"color: #000000;\"> onder het<\/span><span style=\"color: #000000;\"> huis van Wasa.\u00a0<\/span><span style=\"color: #000000;\">Midzo\u00admer 1655 overschrijden Zweedse troepen de oostgrens van Pommeren en zuidgrens van Lijfland en is d<\/span><span style=\"color: #000000;\">e Zweeds-Poolse Oorlog (1655-1660) een feit. Zweden weet aanvankelijk over heel Polen-Litouwen te heersen, maar binnenlandse guerrilla, een Russische inval in Lijfland, gevechten met Brandenburg en steun van de Hollandse en Deense vloot aan Danzig\u00a0 doen het front keren.\u00a0<\/span><\/p>\n<p style=\"text-align: justify;\"><span style=\"color: #000000;\">Bij het uitbreken van de oorlog treden zowel de <\/span><span style=\"color: #000000;\">jonge broers Von Wrangel als <\/span><span style=\"color: #000000;\">Andreas Meijer onmiddellijke in Zweedse krijgsdienst. De broers <\/span><span style=\"color: #000000;\">wordt te verstaan gegeven dat zij in T\u00fcbingen moeten blijven om hun studie af te maken. Andreas <\/span><span style=\"color: #000000;\">wordt wel opgeroepen om als ingenieur deel te nemen en is 18 augustus 1655 bij de troepen\u00a0 in West-Polen aanwezig. <\/span><span style=\"color: #0000ff;\"><a style=\"color: #0000ff;\" href=\"#voetnoot\">(5)<\/a><\/span><\/p>\n<p style=\"text-align: justify;\"><span style=\"color: #000000;\">Een jaar later op 6 juli 1656 constateert koning Karel X Gustaaf dat hij luitenant-kolonel Meijer weliswaar opdracht heeft gegeven vier compagnie\u00ebn cavalerie te werven\u00a0op de markt van Lobsens (<em>\u0141ob\u017cenica<\/em>) en Welmerode in de Poolse provincie Posen, maar dat veldmaarschalk Von Wrangel diezelfde plaatsen heeft toegewezen aan majoor Roblamb om er 150 soldaten voor een campagne te werven. Von Wrangel krijgt de ruimte Meijer elders in te zetten. Dat zal herstel in zijn functie als hofmeester geweest zijn, want op 28 oktober schrijft hij vanuit T\u00fcbingen voor het eerst sinds 19 maanden een brief aan Von Wrangel.<\/span> <span style=\"color: #0000ff;\"><a style=\"color: #0000ff;\" href=\"#voetnoot\">(6)<\/a><\/span><\/p>\n<p style=\"text-align: justify;\"><span style=\"color: #0000ff;\"><span style=\"color: #000000;\">Het volgende jaar 1657 onderneemt Andreas Meijer twee reizen uit T\u00fcbingen. De eerste is naar de stad Konitz (<em>Chojnice<\/em>) in West-Polen, halverwege Stettin en Danzig. De stad was op Eerste Kerstdag 1656 voor de troepen van Rugter von Ascheberg gecapituleerd en vormt nu het Zweedse winterkwartier. De reis van Andreas bedraagt hemelsbreed maar liefst 923 km. Dat betekent een heenreis te paard van <\/span><\/span><span style=\"color: #0000ff;\"><span style=\"color: #000000;\">zeven dagen van acht uur in rustige galop (18 km\/uur), een verblijft van een week in K\u00f6nitz <\/span><\/span><span style=\"color: #000000;\">en een terugreis op dezelfde manier. Andreas heeft de pech dat Carl Gustaf von Wrangel net voor drie maanden naar Bremen is vertrokken. Deze gang van zaken blijkt uit drie brieven:\u00a0<\/span><span style=\"color: #000000;\">17 februari uit T\u00fcbingen, 26 februari uit K\u00f6nitz en <\/span><span style=\"color: #0000ff;\"><span style=\"color: #000000;\"> 10 maart weer uit T\u00fcbingen.<\/span><\/span><\/p>\n<p style=\"text-align: justify;\">De tweede reis in 1657 start drie maanden later. <span style=\"color: #000000; text-align: justify;\">Wolmar von Wrangel is <\/span><span style=\"color: #000000;\">30 mei klaar met zijn studie. Zijn oudere broer Johan Fredrik moet nog een jaar. Andreas krijgt toestemming met Wolmar nog diezelfde dag de thuisreis te aanvaarden. <\/span><span style=\"color: #000000;\">Zij volgen vermoedelijk de gemakkelijke rivierdalen van de Neckar en de Fulda. Zeker is dat zij stroomafwaarts langs de Wezer gaan totdat zij op 15 juni in het dorp D\u00f6rverden de grens met het bisdom Verden zijn gepasseerd. Een dag later overschrijdt het Deense leger de grens van het hertogdom Bremen. Zowel Verden als Bremen staan sinds de Dertigjarige Oorlog onder Zweeds bestuur. Andreas steekt geschrokken snel de Wezer over en huurt richting Bremen een wagen. Hij gaat met zijn gezelschap zuidelijk omhoog de L\u00fcneburger Heide op naar Hoya, steekt vandaar oostelijk de rivier Aller over naar Walsrode, Soltau en Harburgh. Hij heeft het plan vandaar omlaag naar Hamburg te gaan.<\/span><\/p>\n<p style=\"text-align: justify;\"><span style=\"color: #000000;\">In zijn relaas over de daarna volgende gang van zaken put Andreas Meijer zich uit in zijn veiligheidsmaatregelen voor zijn gezelschap. Dagelijks verkent hij de veiligheid van de route omdat de Zweedse ontzettingstroepen onder Carl Gustaf von Wrangel nog niet gearriveerd zijn. Daarnaast bereidt hij de ontmoeting met een schipper aan de Elbe voor. Ondanks al deze voorzichtigheid staat plotseling een groep <\/span><span style=\"color: #000000;\">van 30 Deense musketiers voor hun neus, die hen gevangen neemt. Andreas benadrukt dat de groep zich binnen de jurisdictie van het hertogdom L\u00fcneburg bevindt en noteert dat de Deense soldaten zeggen dat de daar heersende Brandenburgse vorst vijand van de Zweden is. Pruisen heeft zijn bondgenootschap met Zweden inderdaad net ingeruild voor alliantie van Rusland, Polen en Denemarken.<\/span><\/p>\n<p style=\"text-align: justify;\"><span style=\"color: #000000;\">Andreas, Wolmar en een bediende moeten al hun edelmetalen en kleding aan de Denen afstaan, maar behouden de kleding die ze dragen. Ze bevinden zich in het huis van een pastor, waar de koster gedwongen wordt ook nog de kluis open te maken en baar gelden ringen af te geven. De stoet trekt daarna naar Altona ten noorden van Hamburg. Vandaar trekken ze 80 km noordwaarts naar Stolpe in Holstein, van waaruit Andreas op 21 juni zijn eerste brief over de arrestatie schrijft. Kennelijk geven de Denen in die stad opdracht meteen 75 km naar de oever van de Elbe terug te reizen, waar het groepje de volgende dag in de vesting Gl\u00fcckstadt wordt vastgezet<\/span><span style=\"color: #000000;\">. <\/span><span style=\"color: #0000ff;\"><a style=\"color: #0000ff;\" href=\"#voetnoot\">(7)<\/a><\/span><\/p>\n<p style=\"text-align: center;\"><img loading=\"lazy\" decoding=\"async\" class=\"wp-image-52864 aligncenter\" src=\"https:\/\/meijenfeldt.nl\/wp-content\/uploads\/2023\/01\/Reis-Tubingen-Gluckstadt-300x244.jpg\" alt=\"\" width=\"595\" height=\"484\" srcset=\"https:\/\/meijenfeldt.nl\/wp-content\/uploads\/2023\/01\/Reis-Tubingen-Gluckstadt-300x244.jpg 300w, https:\/\/meijenfeldt.nl\/wp-content\/uploads\/2023\/01\/Reis-Tubingen-Gluckstadt-1024x833.jpg 1024w, https:\/\/meijenfeldt.nl\/wp-content\/uploads\/2023\/01\/Reis-Tubingen-Gluckstadt-768x625.jpg 768w, https:\/\/meijenfeldt.nl\/wp-content\/uploads\/2023\/01\/Reis-Tubingen-Gluckstadt-1536x1250.jpg 1536w, https:\/\/meijenfeldt.nl\/wp-content\/uploads\/2023\/01\/Reis-Tubingen-Gluckstadt-2048x1667.jpg 2048w\" sizes=\"auto, (max-width: 595px) 100vw, 595px\" \/><span style=\"color: #000000;\"><em><span style=\"font-size: 10pt;\">Reis T\u00fcbingen-Harburgh-Gl\u00fcckstadt<\/span><\/em><\/span><\/p>\n<p style=\"text-align: justify;\"><span style=\"color: #000000;\">Veertig jaar eerder had de Deense koning Christiaan IV de haven- en vestingstad aan de Hollandse tekentafel laten ontwerpen om aan Hamburgse ambities tegenwicht te bieden. Tijdens zijn gevangenschap maakt Andreas gebruik van zijn ingenieursvaardigheden en ziet kans een tekening van de vesting te maken. Tijdens zijn gevangenschap maakt Andreas gebruik van zijn ingenieursvaardigheden en ziet kans een tekening van de vesting te maken. Hij tekent de vestinggrachten, opgeworpen wallen, bastions en poorten. Ook maakt hij een veroveringsplan. Hij weet zijn papieren wonderwel naar koning Karel X Gustaaf in Wismar te smokkelen. De koning keurt het plan goed, maar kan het niet in uitvoering brengen vanwege de invallende, uitzonderlijk strenge winter en de geringe beweeglijkheid van zijn troepen. Die strenge winter brengt hem wel de zege, want hij loopt met zijn troepen over de Kleine en Grote Belt en omsingelt Kopenhagen. Met de Vrede van Roskilde van 26 februari 1658 geeft Denemarken alle gebieden in Zuid-Zweden terug en kan Zweden de Noord-Duitse havensteden behouden.<br \/>\n<\/span><\/p>\n<p style=\"text-align: center;\"><img loading=\"lazy\" decoding=\"async\" class=\" wp-image-28270 aligncenter\" src=\"https:\/\/meijenfeldt.nl\/wp-content\/uploads\/2020\/05\/Glueckstadt-300x172.jpg\" alt=\"\" width=\"598\" height=\"343\" srcset=\"https:\/\/meijenfeldt.nl\/wp-content\/uploads\/2020\/05\/Glueckstadt-300x172.jpg 300w, https:\/\/meijenfeldt.nl\/wp-content\/uploads\/2020\/05\/Glueckstadt-1024x585.jpg 1024w, https:\/\/meijenfeldt.nl\/wp-content\/uploads\/2020\/05\/Glueckstadt-768x439.jpg 768w, https:\/\/meijenfeldt.nl\/wp-content\/uploads\/2020\/05\/Glueckstadt.jpg 1032w\" sizes=\"auto, (max-width: 598px) 100vw, 598px\" \/><span style=\"font-size: 10pt; color: #000000;\"><i>Vesting Gl\u00fcckstadt<\/i><\/span><\/p>\n<p style=\"text-align: justify;\"><span style=\"color: #000000;\">Andreas Meijer komt door de vrede van 1658 vrij. Gustaaf X Adolf geeft hem een eregeschenk en verzekert hem van verdere koninklijke gunsten. Johan Fredrik von Wrangel is inmiddels ook klaar met zijn studie en reist met zijn broer naar Stockholm. Andreas bevindt zich dat jaar blijkens zijn brieven in juni in Frankfurt en juli in L\u00fcbeck. De Zweedse koning is ondanks zijn overwinning nog niet tevreden en hervat de oorlog tegen Denemarken, met het doel beide zijden van de Sont te beheersen. Een vloot uit de Republiek steekt daar een stokje voor. A<\/span><span style=\"color: #000000;\">pril 1660 staat <\/span><span style=\"color: #000000;\">Andreas in Bremen, als <\/span><span style=\"color: #000000;\">luitenant-kolonel van<\/span><span style=\"color: #000000;\"> een geworven regiment cavalerie. <\/span><span style=\"color: #000000;\"><span style=\"color: #0000ff;\"><a style=\"color: #0000ff;\" href=\"#voetnoot\">(8)<\/a><\/span><\/span><\/p>\n<p style=\"text-align: justify;\"><span style=\"color: #000000;\">Zodra Gustaaf X Adolf van Zweden overlijdt zien Carl Gustaf von Wrangel en de andere regenten van zijn minderjarige zoon Karel XI hun kans schoon een einde aan de gevechten te maken met de Vrede van Kopenhagen van 27 mei 1660. Dit leidt tot de afdanking van Andreas Meijer <\/span><span style=\"color: #000000;\">uit het Zweedse leger, <\/span><span style=\"color: #000000;\">n<\/span><span style=\"color: #000000;\">a vijf jaar dienst.<\/span><\/p>\n<p style=\"text-align: center;\"><span style=\"color: #000000; font-size: 10pt;\"><span style=\"color: #0000ff;\"><a id=\"voetnoot\"><\/a><a style=\"color: #0000ff;\" href=\"https:\/\/meijenfeldt.nl\/?page_id=36560\">Terug<\/a><\/span>\u00a0 \u00a0***\u00a0 \u00a0<span style=\"color: #0000ff;\"><a style=\"color: #0000ff;\" href=\"https:\/\/meijenfeldt.nl\/?page_id=23977\">Verder<\/a><\/span><\/span><\/p>\n<p style=\"text-align: justify;\"><span style=\"color: #000000; font-size: 10pt;\">1. M. Kohlhaas, \u201cNachkommen von Herman Marquard\u201d, download PDF, <span style=\"color: #0000ff;\"><a style=\"color: #0000ff;\" href=\"https:\/\/www.nd-gen.de\/marquard\/\">pag. 4 en 5<\/a><\/span>.<br \/>\n2. <\/span><em style=\"color: #000000; font-size: 13.3333px;\">Efter giorde utrikes krigtiensten <\/em><span style=\"color: #000000; font-size: 10pt;\">(na buitenlandse krijgsdienst te hebben gedaan)<\/span><span style=\"color: #000000; font-size: 13.3333px;\">, <\/span><span style=\"color: #000000; font-size: 10pt;\">A.A. von Stiernman, \u201cSvecia Illustris, Sl\u00e4gttaflor \u00f6fver de p\u00e5 Svenska Riddarhuset until \u00e5r \u2026. introducerade \u00e4tter i alfabetisk ordning\u201d, Uppsala Universit\u00e4tsbibliotek, Handskriften X. Svensk genealogi och biografi, del 18 ( M-O), <\/span><span style=\"color: #0000ff;\"><span style=\"font-size: 10pt;\"><a style=\"color: #0000ff;\" href=\"https:\/\/meijenfeldt.nl\/wp-content\/uploads\/2018\/11\/Stiernman-UUB.pdf\">Mejerfelt<\/a><\/span>. <\/span><em style=\"color: #000000; font-size: 13.3333px;\">Uthi fremmande land s\u00e5w\u00e4l som hemma att gi\u00f6ra sig till w\u00e5r och Corones ti\u00e4nst capabel <\/em><span style=\"color: #000000; font-size: 13.3333px;\">(in vreemde landen als thuis zich in dienst van ons en de Kroon capabel toonde), <\/span><span style=\"color: #0000ff; font-size: 10pt;\"><a style=\"color: #0000ff;\" href=\"https:\/\/meijenfeldt.nl\/?page_id=54278\">Sk\u00f6lde Bref<\/a><\/span><span style=\"color: #000000; font-size: 10pt;\">.<br \/>\n3. De betovergrootvader van Carl Gustaf is Hans von Wrangel (-1542), erfheer van Tolsburg en Ellistfer. De overgrootmoeder van Andreas Meijer is Magdalena von Wrangel, kleindochter van dezelfde Hans. Beide families leefden daarna in Estland en stonden in Zweedse dienst.<br \/>\n<\/span><span style=\"color: #000000; font-size: 10pt;\">4. Riksarkivet Sverige, 720795 Skoklostersammlingen \/ II. Brevv\u00e4xling med diverse personer, Vol E 8420, <a href=\"https:\/\/meijenfeldt.nl\/wp-content\/uploads\/2022\/09\/1654-08-29-Tubingen.pdf\"><span style=\"color: #0000ff;\">T\u00fcbingen 29-08-1654<\/span><\/a>.\u00a0A. Losman, &#8220;Carl Gustaf Wrangel och Europa&#8221;, Uppsala 1980, <span style=\"color: #0000ff;\"><a style=\"color: #0000ff;\" href=\"https:\/\/meijenfeldt.nl\/?page_id=51813\">pag. 49-50<\/a>. <\/span><br \/>\n5. <span style=\"color: #0000ff;\"><span style=\"color: #000000;\">L.W. Munthe, \u201cKungl. Fortifikationens historia\u201d, Stock\u00adholm 1902-1917, deel 2, <a style=\"color: #0000ff;\" href=\"https:\/\/archive.org\/details\/konglfortifikati02munt\/page\/266\/mode\/2up\/search\/266\">pag. 266<\/a> en <a style=\"color: #0000ff;\" href=\"https:\/\/archive.org\/details\/konglfortifikati02munt\/page\/268\/mode\/2up\/search\/266\">pag. 268<\/a>, deel 6:2. Biografiska anteckninga, pag. 447-448, verwijzend naar G. Anrep, \u201cSvenska Adels \u00c4tters-taflor\u201d, Stockholm 1861, <a style=\"color: #0000ff;\" href=\"http:\/\/runeberg.org\/anrep\/2\/0894.html\">pag. 888-889<\/a>.<\/span><\/span><br \/>\n6. Riksarkivet Sverige, <\/span><span style=\"color: #000000;\"><span style=\"font-size: 13.3333px;\">1112.1<\/span><span style=\"font-size: 10pt;\"> Riksregistraturet, <\/span><\/span><span style=\"color: #000000; font-size: 10pt;\">307 Jul-aug 1656, <span style=\"color: #0000ff;\"><a style=\"color: #0000ff;\" href=\"https:\/\/sok.riksarkivet.se\/bildvisning\/A0038802_00065#?c=&amp;m=&amp;s=&amp;cv=64&amp;xywh=2090%2C949%2C3176%2C1433\">fol. 981-982<\/a><\/span>. J.L.\u00a0Carlbom, \u201cKarl X Gustav, fr\u00e5n Weichseln till B\u00e4lt, 1657: taget \u00f6ver B\u00e4lt och freden i Roskilde, 1658\u201d, 1910, <a href=\"https:\/\/meijenfeldt.nl\/?page_id=52824\"><span style=\"color: #000000; font-size: 13.3333px;\"><span style=\"color: #0000ff;\">pag. 290-291<\/span><\/span><\/a><\/span><span style=\"color: #0000ff; font-size: 10pt;\">.<br \/>\n<\/span><span style=\"color: #000000; font-size: 10pt;\">7. G. Anrep, <span style=\"color: #0000ff;\"><a style=\"color: #0000ff;\" href=\"http:\/\/runeberg.org\/anrep\/2\/0894.html\">pag. 888-889<\/a>.<span style=\"color: #000000;\"><br \/>\n<\/span><\/span><\/span><span style=\"color: #000000; font-size: 10pt;\">8. Krigsarkivet Sverige, 0022 Rullor, <span style=\"color: #0000ff;\"><a style=\"color: #0000ff;\" href=\"https:\/\/sok.riksarkivet.se\/bildvisning\/C0300114_00671#?c=&amp;m=&amp;s=&amp;cv=670&amp;xywh=-688%2C-129%2C2511%2C1127\">registerkort<\/a><\/span> en 1660\/14, <a href=\"https:\/\/sok.riksarkivet.se\/bildvisning\/A0053735_00404#?c=&amp;m=&amp;s=&amp;cv=403&amp;xywh=1800%2C579%2C3902%2C2295\"><span style=\"color: #0000ff;\">folio 386<\/span><\/a>.<\/span><span style=\"color: #000000; font-size: 10pt;\"><br \/>\n<\/span><\/p>\n","protected":false},"excerpt":{"rendered":"<p>Andreas Meijer is geboren rond het jaar 1630. (1) Op 18-jarige leeftijd treedt hij net als zijn vader, grootvader en overgrootvader in het Zweedse leger. Hij wordt officier in de cavalerie. In de Duitse gebieden woeden de laatste gevechten van de Dertigjarige Oorlog. (2) Carl Gustaf von Wrangel (1613-1676) is daar de succesvolle veldmaarschalk. Bij &hellip; <a href=\"https:\/\/meijenfeldt.nl\/?page_id=112\" class=\"more-link\">Verder lezen <span class=\"screen-reader-text\">1.3.1. Officier en hofmeester<\/span><\/a><\/p>\n","protected":false},"author":1,"featured_media":0,"parent":0,"menu_order":0,"comment_status":"closed","ping_status":"closed","template":"","meta":{"footnotes":""},"class_list":["post-112","page","type-page","status-publish","hentry"],"_links":{"self":[{"href":"https:\/\/meijenfeldt.nl\/index.php?rest_route=\/wp\/v2\/pages\/112","targetHints":{"allow":["GET"]}}],"collection":[{"href":"https:\/\/meijenfeldt.nl\/index.php?rest_route=\/wp\/v2\/pages"}],"about":[{"href":"https:\/\/meijenfeldt.nl\/index.php?rest_route=\/wp\/v2\/types\/page"}],"author":[{"embeddable":true,"href":"https:\/\/meijenfeldt.nl\/index.php?rest_route=\/wp\/v2\/users\/1"}],"replies":[{"embeddable":true,"href":"https:\/\/meijenfeldt.nl\/index.php?rest_route=%2Fwp%2Fv2%2Fcomments&post=112"}],"version-history":[{"count":249,"href":"https:\/\/meijenfeldt.nl\/index.php?rest_route=\/wp\/v2\/pages\/112\/revisions"}],"predecessor-version":[{"id":65861,"href":"https:\/\/meijenfeldt.nl\/index.php?rest_route=\/wp\/v2\/pages\/112\/revisions\/65861"}],"wp:attachment":[{"href":"https:\/\/meijenfeldt.nl\/index.php?rest_route=%2Fwp%2Fv2%2Fmedia&parent=112"}],"curies":[{"name":"wp","href":"https:\/\/api.w.org\/{rel}","templated":true}]}}