{"id":11182,"date":"2018-09-01T12:22:34","date_gmt":"2018-09-01T12:22:34","guid":{"rendered":"http:\/\/meijenfeldt.nl\/?page_id=11182"},"modified":"2018-09-01T12:23:19","modified_gmt":"2018-09-01T12:23:19","slug":"bonde","status":"publish","type":"page","link":"https:\/\/meijenfeldt.nl\/?page_id=11182","title":{"rendered":"Bonde"},"content":{"rendered":"<p><span style=\"color: #000000; font-family: georgia,palatino,serif;\"><strong>C.C. <\/strong><strong>Bonde<\/strong><strong>, \u201cHedvig Elisabeth Carlottas Dagbok\u201d, Stock\u00adholm 1908.<\/strong><\/span><\/p>\n<p><span style=\"color: #000000; font-family: georgia,palatino,serif;\"><u>Pag. 176-177<\/u><\/span><\/p>\n<p style=\"text-align: justify;\"><span style=\"color: #000000; font-family: georgia,palatino,serif;\">F\u00f6rh\u00e5llandet mellan de b\u00e5da systrarna \u00e4r ej s\u00e4rdeles <\/span><span style=\"color: #000000; font-family: georgia,palatino,serif;\">godt, och detta beror nog p\u00e4, att kungen egentligen tycker mera <\/span><span style=\"color: #000000; font-family: georgia,palatino,serif;\">om grefvinnan L\u00f6wenhielm, d\u00e4rf\u00f6r att hon \u00e4r mindre br\u00e5kig. Om <\/span><span style=\"color: #000000; font-family: georgia,palatino,serif;\">det till \u00e4fventyrs skulle h\u00e4nda henne att st\u00e4lla till n\u00e5got trassel, <\/span><span style=\"color: #000000; font-family: georgia,palatino,serif;\">s\u00e4 \u00e4r det aldrig hon sj\u00e4lf, som d\u00e4rtill gifvit anledning, utan hennes <\/span><span style=\"color: #000000; font-family: georgia,palatino,serif;\">goda v\u00e4n grefvinnan Meijerfelt, en mycket slipad kvinna, som <\/span><span style=\"color: #000000; font-family: georgia,palatino,serif;\">narrar henne d\u00e4rtill, och hon \u00e5ngrar sig alltid genast.**<\/span><\/p>\n<p><span style=\"color: #000000;\">** Jfr L. von Engestr\u00f6m, Minnen och Anteckningar, sid. 63.<\/span><\/p>\n<p style=\"text-align: justify;\"><span style=\"color: #000000; font-family: georgia,palatino,serif;\">Grefvinnan Meijerfelt, som blifvit utn\u00e4mnd till statsfru f\u00f6r ett <\/span><span style=\"color: #000000; font-family: georgia,palatino,serif;\">\u00e5r sedan, \u00e4r mycket kvick och bildad men ganska elak och endast <\/span><span style=\"color: #000000; font-family: georgia,palatino,serif;\">rolig, n\u00e4r hon f\u00e5r drifva med n\u00e5gon, hvilket hon s\u00e4llan underl\u00e5ter, <\/span><span style=\"color: #000000; font-family: georgia,palatino,serif;\">och detta g\u00f6r henne op\u00e5litlig och hj\u00e4rtl\u00f6s. Hon anses vara r\u00e4tt <\/span><span style=\"color: #000000; font-family: georgia,palatino,serif;\">mycket begifven p\u00e5 k\u00e4rleks\u00e4fventyr, ehuru hon har stor f\u00f6rm\u00e5ga <\/span><span style=\"color: #000000; font-family: georgia,palatino,serif;\">att h\u00e4lla sina f\u00f6rbindelser hemliga, f\u00f6r n\u00e4rvarande lyckas det henne <\/span><span style=\"color: #000000; font-family: georgia,palatino,serif;\">dock icke, d\u00e4rf\u00f6r att hennes \u00e4lskare har samma h\u00e5g som hon f\u00f6r <\/span><span style=\"color: #000000; font-family: georgia,palatino,serif;\">att sk\u00e4mta, och denna deras gemensamma svaghet har r\u00f6jt dem.<\/span><\/p>\n<p style=\"text-align: justify;\"><span style=\"color: #000000; font-family: georgia,palatino,serif;\">Skandalhungriga m\u00e4nniskor vilja ocks\u00e5 p\u00e5st\u00e5, att det ej s\u00e5 mycket <\/span><span style=\"color: #000000; font-family: georgia,palatino,serif;\">\u00e4r hj\u00e4rtats b\u00f6jelse, som pl\u00e4gar f\u00e4sta henne vid hennes \u00e4lskare, <\/span><span style=\"color: #000000; font-family: georgia,palatino,serif;\">utan fastmer deras frikostighet med presenter. Jag erk\u00e4nner dock, <\/span><span style=\"color: #000000; font-family: georgia,palatino,serif;\">att jag ej vill tro p\u00e5 en s\u00e5 nedrig beskyllning, och i allm\u00e4nhet, <\/span><span style=\"color: #000000; font-family: georgia,palatino,serif;\">tror jag ej g\u00e4rna mera \u00e4n h\u00e4lften af hvad folk s\u00e4ger, ty nuf\u00f6rtiden <\/span><span style=\"color: #000000; font-family: georgia,palatino,serif;\">\u00e4ro alla m\u00e4nniskor h\u00e4r i Stockholm f\u00f6rf\u00e4rligt elaka. Den, <\/span><span style=\"color: #000000; font-family: georgia,palatino,serif;\">som f\u00f6r n\u00e4rvarande \u00e5tnjuter grefvinnan Meijerfelts gunst, \u00e4r en <\/span><span style=\"color: #000000; font-family: georgia,palatino,serif;\">\u00f6fverstel\u00f6jtnant baron Ehrensv\u00e4rd, som \u00e4r s\u00e4rdeles kvick men <\/span><span style=\"color: #000000; font-family: georgia,palatino,serif;\">ganska elak, han har st\u00e5tt synnerligen v\u00e4l hos kungen men har <\/span><span style=\"color: #000000; font-family: georgia,palatino,serif;\">fallit i on\u00e5d efter den senaste riksdagen, d\u00e4r han visade sig vara <\/span><span style=\"color: #000000; font-family: georgia,palatino,serif;\">alltf\u00f6r frispr\u00e5kig.<\/span><\/p>\n<p style=\"text-align: justify;\"><span style=\"color: #000000; font-family: georgia,palatino,serif;\"><u>Pag. 332<br \/>\n(<\/u>Bref f\u00f6r september m\u00e5nad 1781 ifr\u00e5n Drottningholm)<br \/>\n<\/span><span style=\"color: #000000; font-family: georgia,palatino,serif;\">(Inneh\u00e5ll: Tornerspelet p\u00e4 Drottningholm, tvist mellan grefvinnan Brahe och <\/span><span style=\"color: #000000; font-family: georgia,palatino,serif;\">grefvinnan von H\u00f6pken, byggnadsarbeten vid Gripsholm hindra ditresan, syssels\u00e4ttningar p\u00e5 Drottningholm, tvenne statsfangar transporteras till Varberg.)<\/span><br \/>\n<span style=\"color: #000000; font-family: georgia,palatino,serif;\"><br \/>\nBaron Cederstr\u00f6m tilldelades stora priset och grefve Stackelberg damernas pris, hvilket han enligt vanligt bruk \u00f6fverl\u00e4mnade till sin dam, som var grefvinnan <\/span><span style=\"color: #000000; font-family: georgia,palatino,serif;\">Meyerfelt. (49)<\/span><\/p>\n<p style=\"text-align: justify;\"><span style=\"color: #000000; font-family: georgia,palatino,serif;\"><u>Pag. 442<br \/>\n<\/u><\/span><span style=\"color: #000000; font-family: georgia,palatino,serif;\">(Sid. 33.) Uti -\u00bbMarknaden i S:t Germain\u00bb utf\u00f6rdes <\/span><span style=\"color: #000000; font-family: georgia,palatino,serif;\">rollerna af f\u00f6ljande personer: i f\u00f6rsta rummet en abb\u00e9: baron Barnekow, <\/span><span style=\"color: #000000; font-family: georgia,palatino,serif;\">tv\u00e5 engelsm\u00e4n: kavaljeren hos mig grefve Cronhielm och <\/span><span style=\"color: #000000; font-family: georgia,palatino,serif;\">kammarherren hos hertigen Maclean, tv\u00e5 engelska damer: riksr\u00e5dinnan <\/span><span style=\"color: #000000; font-family: georgia,palatino,serif;\">grefvinnan Ribbing och statsfrun grefvinnan Meijerfelt; <\/span><span style=\"color: #000000; font-family: georgia,palatino,serif;\">det var dessa fyra, som kommo f\u00f6r att inbjuda kungen att bes\u00f6ka <\/span><span style=\"color: #000000; font-family: georgia,palatino,serif;\">marknaden.<\/span><\/p>\n<p style=\"text-align: justify;\"><span style=\"color: #000000; font-family: georgia,palatino,serif;\"><u>Pag. 444<br \/>\n<\/u>12. (Sid. 39.) Deltagare i divertissementet y^De fyra elemente7f\u00bb: riddare, som gick mig till m\u00f6tes och gaf mig goda r\u00e5d: hertigen; uti luftens region, vindarjta: pager; sylfernas konung: drottningens kammarherre grefve Gyllenborg; tv\u00e5 nymfer: friherrinnan Manderstr\u00f6m och fr\u00f6ken Ekeblad; de dansande nymferna och sylfiderna: operans dans\u00f6ser; uti andra rummet vattnets region, NeptJin: baron Barnekow, tv\u00e5 najader: grefvinnan Meijerfelt och fr\u00f6ken Strokirch; dansande tritoner och najader: dans\u00f6ser fr\u00e5n operan; uti tredje rummet eldens region: Salamandern: generalen grefve Meijerfelt;<\/span><\/p>\n<p style=\"text-align: justify;\"><span style=\"color: #000000; font-family: georgia,palatino,serif;\"><u>Pag. 445<br \/>\n<\/u>fyrarosiererna: <\/span><span style=\"color: #000000; font-family: georgia,palatino,serif;\">friherrinnan Manderstr\u00f6m, grefvinnan Klinckowstr\u00f6m, fr\u00f6ken <\/span><span style=\"color: #000000; font-family: georgia,palatino,serif;\">Lewenhaupt, som \u00e4r anst\u00e4lld hos mig, och fr\u00f6ken Stockenstr\u00f6m; <\/span><span style=\"color: #000000; font-family: georgia,palatino,serif;\">det var den sistn\u00e4mnda, som till prinsessan \u00f6fverl\u00e4mnade rosen. <\/span><span style=\"color: #000000; font-family: georgia,palatino,serif;\">Rosierernas m\u00f6drar: riksr\u00e4dinnan grefvinnan Sparre, grefvinnan <\/span><span style=\"color: #000000; font-family: georgia,palatino,serif;\">Sprengtporten, grefvinnan Gyldenstolpe och drottningens \u00f6fverhofm\u00e4starinna <\/span><span style=\"color: #000000; font-family: georgia,palatino,serif;\">grefvinnan Hi\u00e4rne; d\u00e4vnare: grefve Karl von Fersen; <\/span><span style=\"color: #000000; font-family: georgia,palatino,serif;\">byfogden: grefve Meijerfelt.<\/span><\/p>\n","protected":false},"excerpt":{"rendered":"<p>C.C. Bonde, \u201cHedvig Elisabeth Carlottas Dagbok\u201d, Stock\u00adholm 1908. Pag. 176-177 F\u00f6rh\u00e5llandet mellan de b\u00e5da systrarna \u00e4r ej s\u00e4rdeles godt, och detta beror nog p\u00e4, att kungen egentligen tycker mera om grefvinnan L\u00f6wenhielm, d\u00e4rf\u00f6r att hon \u00e4r mindre br\u00e5kig. Om det till \u00e4fventyrs skulle h\u00e4nda henne att st\u00e4lla till n\u00e5got trassel, s\u00e4 \u00e4r det aldrig hon &hellip; <a href=\"https:\/\/meijenfeldt.nl\/?page_id=11182\" class=\"more-link\">Verder lezen <span class=\"screen-reader-text\">Bonde<\/span><\/a><\/p>\n","protected":false},"author":1,"featured_media":0,"parent":0,"menu_order":0,"comment_status":"closed","ping_status":"closed","template":"","meta":{"footnotes":""},"class_list":["post-11182","page","type-page","status-publish","hentry"],"_links":{"self":[{"href":"https:\/\/meijenfeldt.nl\/index.php?rest_route=\/wp\/v2\/pages\/11182","targetHints":{"allow":["GET"]}}],"collection":[{"href":"https:\/\/meijenfeldt.nl\/index.php?rest_route=\/wp\/v2\/pages"}],"about":[{"href":"https:\/\/meijenfeldt.nl\/index.php?rest_route=\/wp\/v2\/types\/page"}],"author":[{"embeddable":true,"href":"https:\/\/meijenfeldt.nl\/index.php?rest_route=\/wp\/v2\/users\/1"}],"replies":[{"embeddable":true,"href":"https:\/\/meijenfeldt.nl\/index.php?rest_route=%2Fwp%2Fv2%2Fcomments&post=11182"}],"version-history":[{"count":3,"href":"https:\/\/meijenfeldt.nl\/index.php?rest_route=\/wp\/v2\/pages\/11182\/revisions"}],"predecessor-version":[{"id":11185,"href":"https:\/\/meijenfeldt.nl\/index.php?rest_route=\/wp\/v2\/pages\/11182\/revisions\/11185"}],"wp:attachment":[{"href":"https:\/\/meijenfeldt.nl\/index.php?rest_route=%2Fwp%2Fv2%2Fmedia&parent=11182"}],"curies":[{"name":"wp","href":"https:\/\/api.w.org\/{rel}","templated":true}]}}