{"id":10943,"date":"2018-08-20T15:01:09","date_gmt":"2018-08-20T15:01:09","guid":{"rendered":"http:\/\/meijenfeldt.nl\/?page_id=10943"},"modified":"2023-08-11T09:29:30","modified_gmt":"2023-08-11T09:29:30","slug":"stadtsarkiv-stockholm","status":"publish","type":"page","link":"https:\/\/meijenfeldt.nl\/?page_id=10943","title":{"rendered":"AZ. Stad"},"content":{"rendered":"<p><span style=\"font-family: georgia, palatino, serif; font-size: 10pt;\"><span style=\"color: #0000ff;\"><span style=\"color: #000000;\"><span style=\"font-size: 14pt;\"><span style=\"color: #000000; font-size: 10pt;\"><a style=\"color: #0000ff;\" href=\"https:\/\/meijenfeldt.nl\/\">START<\/a>\u00a0\/\u00a0<a style=\"color: #0000ff;\" href=\"https:\/\/meijenfeldt.nl\/?page_id=749\">A. ARCHIEVEN<\/a> \/ <\/span><\/span><span style=\"font-size: 10pt;\"><a style=\"color: #0000ff;\" href=\"https:\/\/meijenfeldt.nl\/?page_id=264\">AZ. ZWEDEN<\/a> \/ STADSARCHIEF<\/span><\/span><\/span><\/span><\/p>\n<p><span style=\"color: #0000ff;\"><a style=\"color: #0000ff;\" href=\"https:\/\/sok.stadsarkivet.stockholm.se\/\"><span style=\"font-size: 14pt;\"><strong>SSA. Stadsarkivet Stockholm<\/strong><\/span><\/a><\/span><\/p>\n<table style=\"width: 100.304%; height: 762px;\">\n<tbody>\n<tr style=\"height: 28px;\">\n<td style=\"width: 36.93px; height: 28px;\"><span style=\"color: #000000; font-size: 10pt;\">\u00a0<span style=\"color: #800000;\"><strong>CODE<\/strong><\/span><\/span><\/td>\n<td style=\"width: 372.06px; height: 28px;\"><span style=\"color: #800000;\"><strong><span style=\"font-size: 10pt;\">DOCUMENT<\/span><\/strong><\/span><\/td>\n<td style=\"width: 87px; height: 28px;\"><span style=\"color: #800000;\"><strong><span style=\"font-size: 10pt;\">\u00a0DATUM<\/span><\/strong><\/span><\/td>\n<td style=\"width: 100px; height: 28px;\"><span style=\"color: #800000;\"><strong><span style=\"font-size: 10pt;\">\u00a0PERSOON<\/span><\/strong><\/span><\/td>\n<\/tr>\n<tr style=\"height: 28px;\">\n<td style=\"width: 36.93px; height: 28px;\" colspan=\"4\"><em><span style=\"color: #000000; font-size: 10pt;\"><strong>Mantaluppgifter<\/strong><\/span><\/em><\/td>\n<\/tr>\n<tr style=\"height: 56px;\">\n<td style=\"width: 36.93px; height: 24px;\"><span style=\"color: #000000; font-size: 13.3333px;\">244<\/span><\/td>\n<td style=\"width: 372.06px; height: 24px;\"><span style=\"color: #000000; font-size: 10pt;\">Grefve, F\u00e4ltmarskalk m m <\/span><span style=\"color: #000000; font-size: 10pt;\">Klara nedre<\/span><\/td>\n<td style=\"width: 87px; height: 24px;\"><span style=\"color: #000000; font-size: 10pt;\">1800<\/span><\/td>\n<td style=\"width: 100px; height: 24px;\"><span style=\"color: #000000; font-size: 10pt;\">JAMjr<\/span><\/td>\n<\/tr>\n<tr style=\"height: 56px;\">\n<td style=\"width: 36.93px; height: 27px;\"><span style=\"color: #000000; font-size: 13.3333px;\">976<\/span><\/td>\n<td style=\"width: 372.06px; height: 27px;\"><span style=\"color: #000000; font-size: 10pt;\">Grefvinna, <\/span><span style=\"color: #000000; font-size: 10pt;\">Klara och Kungsholmen<\/span><\/td>\n<td style=\"width: 87px; height: 27px;\"><span style=\"color: #000000; font-size: 10pt;\">1810<\/span><\/td>\n<td style=\"width: 100px; height: 27px;\"><span style=\"color: #000000; font-size: 10pt;\">LAS<\/span><\/td>\n<\/tr>\n<tr style=\"height: 28px;\">\n<td style=\"width: 36.93px; height: 28px;\"><span style=\"color: #000000; font-size: 13.3333px;\">275<\/span><\/td>\n<td style=\"width: 372.06px; height: 28px;\"><span style=\"color: #000000; font-size: 10pt;\">Dr\u00e4ng (= knecht\/huisbediende)<\/span><\/td>\n<td style=\"width: 87px; height: 28px;\"><span style=\"color: #000000; font-size: 10pt;\">1800<\/span><\/td>\n<td style=\"width: 100px; height: 28px;\"><span style=\"color: #000000; font-size: 10pt;\">Meijerfelt<\/span><\/td>\n<\/tr>\n<tr style=\"height: 56px;\">\n<td style=\"width: 36.93px; height: 56px;\" colspan=\"4\"><span style=\"color: #000000; font-size: 10pt;\"><strong><em>Kyrkob\u00f6cker: Jacobs- och Johannes f\u00f6rsamlingar<\/em><br \/>\n<\/strong>D\u00f6d- och Begravingsbok 1736-1884 L-N,\u00a0folio 287<\/span><\/td>\n<\/tr>\n<tr style=\"height: 28px;\">\n<td style=\"width: 36.93px; height: 28px;\"><span style=\"color: #000000; font-size: 13.3333px;\">FIa:2 15<\/span><\/td>\n<td style=\"width: 372.06px; height: 28px;\"><span style=\"color: #000000; font-size: 10pt;\">\u00a0Meijerfeldt, uf, d\u00f6df\u00f6tt barn<\/span><\/td>\n<td style=\"width: 87px; height: 28px;\"><span style=\"color: #000000; font-size: 10pt;\">29-11-1773<\/span><\/td>\n<td style=\"width: 100px; height: 28px;\"><span style=\"color: #000000; font-size: 10pt;\">Meijerfeldt<\/span><\/td>\n<\/tr>\n<tr style=\"height: 56px;\">\n<td style=\"width: 36.93px; height: 56px;\"><span style=\"color: #000000; font-size: 13.3333px;\">FIa:3 40\u00a0<\/span><\/td>\n<td style=\"width: 372.06px; height: 56px;\"><span style=\"color: #000000; font-size: 10pt;\">Meijerfeldt, Joh. August, kapten<\/span><\/td>\n<td style=\"width: 87px; height: 56px;\"><span style=\"color: #000000; font-size: 10pt;\">23-05-1791<\/span><br \/>\n<span style=\"color: #000000; font-size: 10pt;\">25-05-1791<\/span><\/td>\n<td style=\"width: 100px; height: 56px;\"><span style=\"color: #000000; font-size: 10pt;\">JAM III<\/span><\/td>\n<\/tr>\n<tr style=\"height: 56px;\">\n<td style=\"width: 36.93px; height: 56px;\"><span style=\"color: #000000; font-size: 13.3333px;\">FIa:3 85 FIb:2 101<\/span><\/td>\n<td style=\"width: 372.06px; height: 56px;\"><span style=\"color: #000000; font-size: 10pt;\">\u00a0Meijerfeldt, Johan August, f\u00e4ltmarskalk<\/span><\/td>\n<td style=\"width: 87px; height: 56px;\"><span style=\"color: #000000; font-size: 10pt;\">21-04-1800<\/span><br \/>\n<span style=\"color: #000000; font-size: 10pt;\">02-05-1800<\/span><\/td>\n<td style=\"width: 100px; height: 56px;\"><span style=\"color: #000000; font-size: 10pt;\">JAMjr<\/span><\/td>\n<\/tr>\n<tr style=\"height: 28px;\">\n<td style=\"width: 36.93px; height: 28px;\"><span style=\"color: #000000; font-size: 13.3333px;\">D\u00f6da 21 402<\/span><\/td>\n<td style=\"width: 372.06px; height: 28px;\"><span style=\"color: #000000; font-size: 10pt;\">\u00a0Meijerfelt, general: fru sjr<\/span><\/td>\n<td style=\"width: 87px; height: 28px;\"><span style=\"color: #000000; font-size: 10pt;\">28-07-1710<\/span><\/td>\n<td style=\"width: 100px; height: 28px;\"><span style=\"color: #000000; font-size: 10pt;\">Carolina<\/span><\/td>\n<\/tr>\n<tr style=\"height: 56px;\">\n<td style=\"width: 36.93px; height: 21px;\" colspan=\"4\"><span style=\"color: #000000; font-size: 10pt;\"><em><strong>Kyrkob\u00f6cker: Riddarholmskyrka, <\/strong><\/em>Vigselbok 1760-1807, folio 208<\/span><\/td>\n<\/tr>\n<tr style=\"height: 56px;\">\n<td style=\"width: 36.93px; height: 56px;\"><span style=\"color: #000000; font-size: 13.3333px;\">Ea:1 53<\/span><\/td>\n<td style=\"width: 372.06px; height: 56px;\"><span style=\"color: #000000; font-size: 10pt;\">\u00a0Meijerfeldt, Johan August, general, Sparre, Lovisa Augusta<\/span><\/td>\n<td style=\"width: 87px; height: 56px;\"><span style=\"color: #000000; font-size: 10pt;\">13-12-1763<\/span><\/td>\n<td style=\"width: 100px; height: 56px;\"><span style=\"color: #000000; font-size: 10pt;\">JAM jr<\/span><\/td>\n<\/tr>\n<tr style=\"height: 56px;\">\n<td style=\"width: 36.93px; height: 18px;\" colspan=\"4\"><span style=\"color: #000000; font-size: 10pt;\"><em><strong>Kyrkob\u00f6cker: Klara f\u00f6rsamling, <\/strong><\/em>D\u00f6d- och Begravingsbok 1748-1860 M-S, folio 33<\/span><\/td>\n<\/tr>\n<tr style=\"height: 56px;\">\n<td style=\"width: 36.93px; height: 56px;\"><span style=\"color: #000000; font-size: 13.3333px;\">FI:a 5 159<\/span><\/td>\n<td style=\"width: 372.06px; height: 56px;\"><span style=\"color: #000000; font-size: 10pt;\">Meijerfeldt, Johan August, f\u00e4ltmarskalk<\/span><\/td>\n<td style=\"width: 87px; height: 56px;\"><span style=\"color: #000000; font-size: 10pt;\">21-04-1800<\/span><br \/>\n<span style=\"color: #000000; font-size: 10pt;\"> 02-05-1800<\/span><\/td>\n<td style=\"width: 100px; height: 56px;\"><span style=\"color: #000000; font-size: 10pt;\">JAMjr<\/span><\/td>\n<\/tr>\n<tr style=\"height: 56px;\">\n<td style=\"width: 36.93px; height: 56px;\"><span style=\"color: #000000; font-size: 13.3333px;\">FI:a 6 103\u00a0<\/span><\/td>\n<td style=\"width: 372.06px; height: 56px;\"><span style=\"color: #000000; font-size: 10pt;\">Lovisa Augusta Wrede Sparre, f\u00e4ltmarskalk-\u00e4nke<\/span><\/td>\n<td style=\"width: 87px; height: 56px;\"><span style=\"color: #000000; font-size: 10pt;\">16-09-1817<\/span><br \/>\n<span style=\"color: #000000; font-size: 10pt;\"> 23-09-1817<\/span><\/td>\n<td style=\"width: 100px; height: 56px;\"><span style=\"color: #000000; font-size: 10pt;\">LAS<\/span><\/td>\n<\/tr>\n<tr style=\"height: 28px;\">\n<td style=\"width: 36.93px; height: 28px;\"><\/td>\n<td style=\"width: 559.06px; height: 28px;\" colspan=\"3\"><span style=\"color: #000000; font-size: 10pt;\"><strong>Kyrkob\u00f6cker: <\/strong><strong>Nikolai f\u00f6rsamling<\/strong><\/span><\/td>\n<\/tr>\n<tr style=\"height: 56px;\">\n<td style=\"width: 36.93px; height: 56px;\"><span style=\"font-size: 10pt;\">Cia:6 244<\/span><\/td>\n<td style=\"width: 372.06px; height: 56px;\"><span style=\"color: #000000; font-size: 10pt;\">doop Karolina, d. Johan August Meijerfeldt, generalmajor, Anna Maria T\u00f6rnflycht<\/span><\/td>\n<td style=\"width: 87px; height: 56px;\"><span style=\"color: #000000; font-size: 10pt;\">16-07-1710<\/span><\/td>\n<td style=\"width: 100px; height: 56px;\"><span style=\"color: #000000; font-size: 10pt;\">Carolina<\/span><\/td>\n<\/tr>\n<tr style=\"height: 84px;\">\n<td style=\"width: 36.93px; height: 84px;\"><span style=\"font-size: 10pt;\">36, 414 fl<\/span><\/td>\n<td style=\"width: 372.06px; height: 84px;\"><span style=\"color: #000000; font-size: 10pt;\">Meijerfelt \u2013 generalinnan M- el. T\u00f6rneflycht sjr gro. Bet. Ov. Borgm\u00e4st. Olof Hansson T\u00f6rnflycht f\u00e4r dotter med liten \u00e5tr<\/span><\/td>\n<td style=\"width: 87px; height: 84px;\"><span style=\"color: #000000; font-size: 10pt;\">24-07-1710<\/span><\/td>\n<td style=\"width: 100px; height: 84px;\"><span style=\"color: #000000; font-size: 10pt;\">Carolina<\/span><\/td>\n<\/tr>\n<tr style=\"height: 28px;\">\n<td style=\"width: 36.93px; height: 28px;\"><span style=\"font-size: 10pt;\">B115, 416 fl<\/span><\/td>\n<td style=\"width: 372.06px; height: 28px;\"><span style=\"color: #000000; font-size: 10pt;\">\u00a0idem<\/span><\/td>\n<td style=\"width: 87px; height: 28px;\"><span style=\"color: #000000; font-size: 10pt;\">26-07-1710<\/span><\/td>\n<td style=\"width: 100px; height: 28px;\"><span style=\"color: #000000; font-size: 10pt;\">Carolina<\/span><\/td>\n<\/tr>\n<\/tbody>\n<\/table>\n","protected":false},"excerpt":{"rendered":"<p>START\u00a0\/\u00a0A. ARCHIEVEN \/ AZ. ZWEDEN \/ STADSARCHIEF SSA. Stadsarkivet Stockholm \u00a0CODE DOCUMENT \u00a0DATUM \u00a0PERSOON Mantaluppgifter 244 Grefve, F\u00e4ltmarskalk m m Klara nedre 1800 JAMjr 976 Grefvinna, Klara och Kungsholmen 1810 LAS 275 Dr\u00e4ng (= knecht\/huisbediende) 1800 Meijerfelt Kyrkob\u00f6cker: Jacobs- och Johannes f\u00f6rsamlingar D\u00f6d- och Begravingsbok 1736-1884 L-N,\u00a0folio 287 FIa:2 15 \u00a0Meijerfeldt, uf, d\u00f6df\u00f6tt barn 29-11-1773 &hellip; <a href=\"https:\/\/meijenfeldt.nl\/?page_id=10943\" class=\"more-link\">Verder lezen <span class=\"screen-reader-text\">AZ. Stad<\/span><\/a><\/p>\n","protected":false},"author":1,"featured_media":0,"parent":0,"menu_order":0,"comment_status":"closed","ping_status":"closed","template":"","meta":{"footnotes":""},"class_list":["post-10943","page","type-page","status-publish","hentry"],"_links":{"self":[{"href":"https:\/\/meijenfeldt.nl\/index.php?rest_route=\/wp\/v2\/pages\/10943","targetHints":{"allow":["GET"]}}],"collection":[{"href":"https:\/\/meijenfeldt.nl\/index.php?rest_route=\/wp\/v2\/pages"}],"about":[{"href":"https:\/\/meijenfeldt.nl\/index.php?rest_route=\/wp\/v2\/types\/page"}],"author":[{"embeddable":true,"href":"https:\/\/meijenfeldt.nl\/index.php?rest_route=\/wp\/v2\/users\/1"}],"replies":[{"embeddable":true,"href":"https:\/\/meijenfeldt.nl\/index.php?rest_route=%2Fwp%2Fv2%2Fcomments&post=10943"}],"version-history":[{"count":13,"href":"https:\/\/meijenfeldt.nl\/index.php?rest_route=\/wp\/v2\/pages\/10943\/revisions"}],"predecessor-version":[{"id":57856,"href":"https:\/\/meijenfeldt.nl\/index.php?rest_route=\/wp\/v2\/pages\/10943\/revisions\/57856"}],"wp:attachment":[{"href":"https:\/\/meijenfeldt.nl\/index.php?rest_route=%2Fwp%2Fv2%2Fmedia&parent=10943"}],"curies":[{"name":"wp","href":"https:\/\/api.w.org\/{rel}","templated":true}]}}