{"id":10936,"date":"2018-08-20T14:53:28","date_gmt":"2018-08-20T14:53:28","guid":{"rendered":"http:\/\/meijenfeldt.nl\/?page_id=10936"},"modified":"2023-08-10T15:57:51","modified_gmt":"2023-08-10T15:57:51","slug":"kungliga-biblioteket","status":"publish","type":"page","link":"https:\/\/meijenfeldt.nl\/?page_id=10936","title":{"rendered":"AZ. Biblioteket"},"content":{"rendered":"<p><span style=\"font-family: georgia, palatino, serif; font-size: 10pt;\"><span style=\"color: #0000ff;\"><span style=\"color: #000000;\"><span style=\"font-size: 14pt;\"><span style=\"color: #000000; font-size: 10pt;\"><a style=\"color: #0000ff;\" href=\"https:\/\/meijenfeldt.nl\/\">START<\/a>\u00a0\/\u00a0<a style=\"color: #0000ff;\" href=\"https:\/\/meijenfeldt.nl\/?page_id=749\">A. ARCHIEVEN<\/a> \/ <\/span><\/span><span style=\"font-size: 10pt;\"><a style=\"color: #0000ff;\" href=\"https:\/\/meijenfeldt.nl\/?page_id=264\">AZ. ZWEDEN<\/a> \/<span style=\"color: #000000;\"> BIBLIOTHEEK<\/span><\/span><\/span><\/span><\/span><\/p>\n<table style=\"width: 97.3755%;\">\n<tbody>\n<tr style=\"height: 28px;\">\n<td style=\"width: 14.6875%; height: 28px;\"><span style=\"color: #800000; font-size: 10pt;\"><strong>CODE<\/strong><\/span><\/td>\n<td style=\"width: 59.6875%; height: 28px;\"><span style=\"color: #800000; font-size: 10pt;\"><strong>DOCUMENT<\/strong><\/span><\/td>\n<td style=\"width: 25.625%; height: 28px;\" colspan=\"2\"><span style=\"color: #800000; font-size: 10pt;\"><strong>DATUM<\/strong><\/span><\/td>\n<\/tr>\n<tr>\n<td style=\"width: 14.6875%;\"><span style=\"color: #000000; font-size: 12pt;\"><b style=\"color: #333333;\">SE\/S<\/b><b><br \/>\n<\/b><\/span><\/td>\n<td style=\"width: 59.6875%;\"><span style=\"color: #000000; font-size: 12pt;\"><span style=\"color: #0000ff;\"><a style=\"color: #0000ff;\" href=\"https:\/\/www.kb.se\/\"><b>Kungliga Biblioteket<\/b><\/a><\/span><strong><br \/>\n<\/strong><\/span><\/td>\n<td style=\"width: 25.625%;\" colspan=\"2\"><span style=\"color: #000000; font-size: 10pt;\"><strong>\u00a0<\/strong><\/span><\/td>\n<\/tr>\n<tr style=\"height: 28px;\">\n<td style=\"width: 14.6875%; height: 28px;\"><span style=\"color: #000000; font-size: 10pt;\"><b>\u00a0<\/b><\/span><\/td>\n<td style=\"height: 28px; width: 59.6875%;\"><span style=\"color: #000000; font-size: 10pt;\"><strong>RIKSDAG<br \/>\n<\/strong><\/span><\/td>\n<td style=\"width: 25.625%;\" colspan=\"2\"><span style=\"color: #000000; font-size: 10pt;\"><strong>\u00a0<\/strong><\/span><\/td>\n<\/tr>\n<tr style=\"height: 28px;\">\n<td style=\"width: 14.6875%; height: 28px;\"><span style=\"color: #000000; font-size: 10pt;\"><b>\u00a0<\/b><\/span><\/td>\n<td style=\"height: 28px; width: 59.6875%;\"><span style=\"color: #000000; font-size: 10pt;\">Sveriges Ridderskaps och Adels Riksdags-<span style=\"color: #0000ff;\"><a style=\"color: #0000ff;\" href=\"https:\/\/meijenfeldt.nl\/?page_id=18799\">Protokoll<\/a><\/span><\/span><\/td>\n<td style=\"width: 25.625%; height: 28px;\" colspan=\"2\"><span style=\"color: #000000; font-size: 10pt;\">1521-1861<\/span><span style=\"color: #000000; font-size: 10pt;\"><br \/>\n<\/span><\/td>\n<\/tr>\n<tr style=\"height: 28px;\">\n<td style=\"width: 14.6875%; height: 28px;\"><span style=\"color: #000000; font-size: 10pt;\"><b>\u00a0<\/b><\/span><\/td>\n<td style=\"height: 28px; width: 59.6875%;\"><span style=\"color: #000000; font-size: 10pt;\">Svenska Riksdags<span style=\"color: #0000ff;\"><a style=\"color: #0000ff;\" href=\"https:\/\/meijenfeldt.nl\/?page_id=19551\"><span style=\"color: #0000ff;\">a<\/span>kter<\/a><\/span><\/span><\/td>\n<td style=\"width: 25.625%; height: 28px;\" colspan=\"2\"><span style=\"color: #000000; font-size: 10pt;\">1719-1800<br \/>\n<\/span><\/td>\n<\/tr>\n<tr style=\"height: 84px;\">\n<td style=\"width: 14.6875%; height: 30px;\"><span style=\"color: #000000; font-size: 10pt;\"><b>\u00a0<\/b><\/span><\/td>\n<td style=\"height: 30px; width: 59.6875%;\"><span style=\"color: #000000; font-size: 10pt;\">Kongl. Samfundet f\u00f6r utgifvande af Handskrifter r\u00f6rande Skandinaviens historia, \u201c<span style=\"color: #0000ff;\"><a style=\"color: #0000ff;\" href=\"https:\/\/meijenfeldt.nl\/?page_id=19337\">Handlingar<\/a><\/span> r\u00f6rende Skandinaviens Historia, 40 delen\u00a0\u00a0<\/span><\/td>\n<td style=\"width: 25.625%;\" colspan=\"2\"><span style=\"color: #000000; font-size: 10pt;\">1816-1860<br \/>\n<\/span><\/td>\n<\/tr>\n<tr>\n<td style=\"width: 14.6875%;\"><span style=\"color: #000000; font-size: 10pt;\"><b>\u00a0<\/b><\/span><\/td>\n<td style=\"width: 59.6875%;\"><span style=\"color: #000000; font-size: 10pt;\">Idem, \u201cHistoriska Handlingar\u201d, 41 delen<br \/>\n<\/span><\/td>\n<td style=\"width: 25.625%;\" colspan=\"2\"><span style=\"color: #000000; font-size: 10pt;\">1861-1979<br \/>\n<\/span><\/td>\n<\/tr>\n<tr style=\"height: 28px;\">\n<td style=\"width: 14.6875%; height: 28px;\"><strong style=\"color: #000000;\"><span style=\"font-size: 10pt;\">SB 17<\/span><\/strong><\/td>\n<td style=\"height: 28px; width: 59.6875%;\"><strong style=\"color: #000000;\"><span class=\"code9\" style=\"font-size: 10pt;\">Svensk Bibliografi\u00a0<\/span><\/strong><\/td>\n<td style=\"width: 25.625%; height: 28px;\" colspan=\"2\"><span class=\"code9\" style=\"font-size: 10pt;\">1700-1829<\/span><\/td>\n<\/tr>\n<tr style=\"height: 28px;\">\n<td style=\"width: 14.6875%; height: 28px;\"><span style=\"color: #000000; font-size: 10pt;\"><strong>HS<\/strong><\/span><\/td>\n<td style=\"height: 28px; width: 59.6875%;\"><span style=\"color: #000000; font-size: 10pt;\"><strong>HANDSKRIFTSAMLING<\/strong><\/span><\/td>\n<td style=\"width: 25.625%; height: 28px;\" colspan=\"2\"><span style=\"color: #000000; font-size: 10pt;\"><strong>\u00a0<\/strong><\/span><\/td>\n<\/tr>\n<tr style=\"height: 28px;\">\n<td style=\"width: 14.6875%; height: 28px;\"><\/td>\n<td style=\"height: 28px; width: 59.6875%;\"><span style=\"color: #000000; font-size: 10pt;\"><em><strong>Engestr\u00f6mska Samling<\/strong><\/em><\/span><\/td>\n<td style=\"width: 25.625%; height: 28px;\" colspan=\"2\"><span style=\"color: #000000; font-size: 10pt;\"><em><strong>\u00a0<\/strong><\/em><\/span><\/td>\n<\/tr>\n<tr style=\"height: 28px;\">\n<td style=\"width: 14.6875%; height: 10px;\"><span style=\"color: #000000; font-size: 10pt;\">KB1\/1<\/span><\/td>\n<td style=\"height: 10px; width: 59.6875%;\"><span style=\"color: #000000; font-size: 10pt;\"><em><strong>Autografsamlingen<\/strong><\/em><\/span><\/td>\n<td style=\"height: 10px; width: 25.625%;\" colspan=\"2\"><\/td>\n<\/tr>\n<tr>\n<td style=\"width: 14.6875%;\"><span style=\"color: #000000; font-size: 10pt;\"><strong style=\"font-size: 18.6667px;\"><span style=\"font-size: 12pt;\">SE\/UUL<\/span><\/strong><br \/>\n<\/span><\/td>\n<td style=\"width: 59.6875%;\"><span style=\"color: #000000; font-size: 10pt;\"><span style=\"color: #0000ff;\"><strong style=\"font-size: 18.6667px;\"><span style=\"font-size: 12pt;\"><strong><a style=\"color: #0000ff;\" href=\"https:\/\/www.lub.lu.se\/\">Lund Universitetsbibliotek<\/a><\/strong><\/span><\/strong><\/span><em><strong><br \/>\n<\/strong><\/em><\/span><\/td>\n<td style=\"width: 25.625%;\" colspan=\"2\"><\/td>\n<\/tr>\n<tr>\n<td style=\"width: 14.6875%;\"><\/td>\n<td style=\"width: 59.6875%;\"><span style=\"font-size: 10pt;\"><strong>Georg Adlersparres arkiv<\/strong><\/span><\/td>\n<td style=\"width: 8.59375%;\"><span style=\"font-size: 10pt;\">\u00a0<\/span><\/td>\n<td style=\"width: 17.0312%;\"><\/td>\n<\/tr>\n<tr>\n<td style=\"width: 14.6875%;\"><span style=\"font-size: 10pt;\">1:13<\/span><\/td>\n<td style=\"width: 59.6875%;\"><span style=\"font-size: 10pt;\">Historiska Samlingnar: Rapporter av f\u00e4ltmarskalken greve Johan August Meijerfeldt under ryska kriget<\/span><\/td>\n<td style=\"width: 25.625%;\" colspan=\"2\"><\/td>\n<\/tr>\n<\/tbody>\n<\/table>\n<table style=\"width: 102.879%;\">\n<tbody>\n<tr>\n<td style=\"width: 13.9394%;\"><span style=\"font-size: 10pt;\"><strong>SE\/UUB<\/strong><\/span><\/td>\n<td style=\"width: 57.2728%;\"><span style=\"color: #000000; font-size: 10pt;\"><strong style=\"font-size: 18.6667px;\"><span style=\"font-size: 12pt;\">Uppsala Universitetsbibliotek<\/span><\/strong><strong><br \/>\n<\/strong><\/span><\/td>\n<td style=\"width: 15.7576%;\"><\/td>\n<td style=\"width: 15.9018%;\"><\/td>\n<\/tr>\n<tr style=\"height: 28px;\">\n<td style=\"height: 28px; width: 13.9394%;\"><\/td>\n<td style=\"height: 28px; width: 57.2728%;\"><span style=\"color: #000000; font-size: 10pt;\"><strong>Handskriftsavdelningen<\/strong><\/span><\/td>\n<td style=\"height: 28px; width: 15.7576%;\"><\/td>\n<td style=\"height: 28px; width: 15.9018%;\"><\/td>\n<\/tr>\n<tr style=\"height: 28px;\">\n<td style=\"height: 28px; width: 13.9394%;\"><\/td>\n<td style=\"height: 28px; width: 57.2728%;\"><span class=\"site-name no-print\" style=\"color: #0000ff; font-size: 10pt;\"><a style=\"color: #0000ff;\" href=\"https:\/\/meijenfeldt.nl\/wp-content\/uploads\/2020\/09\/Catalogus.pdf\">Handskriftsindex<\/a><\/span><\/td>\n<td style=\"height: 28px; width: 15.7576%;\"><\/td>\n<td style=\"height: 28px; width: 15.9018%;\"><\/td>\n<\/tr>\n<tr style=\"height: 28px;\">\n<td style=\"height: 28px; width: 13.9394%;\"><span style=\"color: #000000; font-size: 10pt;\"><strong>F<\/strong><\/span><\/td>\n<td style=\"height: 28px; width: 57.2728%;\"><span class=\"site-name no-print\" style=\"color: #000000; font-size: 10pt;\"><strong>Sveriges historia efter 1697<br \/>\n<\/strong><\/span><\/td>\n<td style=\"height: 28px; width: 15.7576%;\"><\/td>\n<td style=\"height: 28px; width: 15.9018%;\"><\/td>\n<\/tr>\n<tr style=\"height: 28px;\">\n<td style=\"height: 28px; width: 13.9394%;\"><span style=\"color: #000000; font-size: 10pt;\">178<\/span><\/td>\n<td style=\"height: 28px; width: 57.2728%;\"><span class=\"site-name no-print\" style=\"color: #000000; font-size: 10pt;\">Svenska Kongl. Personer och Myndigheter<\/span><\/td>\n<td style=\"height: 28px; width: 15.7576%;\"><\/td>\n<td style=\"height: 28px; width: 15.9018%;\"><span style=\"color: #000000; font-size: 10pt;\">idem<\/span><\/td>\n<\/tr>\n<tr style=\"height: 28px;\">\n<td style=\"height: 28px; width: 13.9394%;\"><span style=\"color: #000000; font-size: 10pt;\">179<\/span><\/td>\n<td style=\"height: 28px; width: 57.2728%;\"><span class=\"site-name no-print\" style=\"color: #000000; font-size: 10pt;\">Utl\u00e4ndska F\u00fcrstar och Mundigheter<\/span><\/td>\n<td style=\"height: 28px; width: 15.7576%;\"><\/td>\n<td style=\"height: 28px; width: 15.9018%;\"><span style=\"color: #000000; font-size: 10pt;\">idem<\/span><\/td>\n<\/tr>\n<tr style=\"height: 28px;\">\n<td style=\"height: 28px; width: 13.9394%;\"><span style=\"color: #000000; font-size: 10pt;\">180<\/span><\/td>\n<td style=\"height: 28px; width: 57.2728%;\"><span class=\"site-name no-print\" style=\"color: #000000; font-size: 10pt;\">Bref A-C fol<br \/>\n<\/span><\/td>\n<td style=\"height: 28px; width: 15.7576%;\"><\/td>\n<td style=\"height: 28px; width: 15.9018%;\"><span style=\"color: #000000; font-size: 10pt;\">idem<\/span><\/td>\n<\/tr>\n<tr style=\"height: 28px;\">\n<td style=\"height: 28px; width: 13.9394%;\"><span style=\"color: #000000; font-size: 10pt;\">181<\/span><\/td>\n<td style=\"height: 28px; width: 57.2728%;\"><span class=\"site-name no-print\" style=\"color: #000000; font-size: 10pt;\">Bref D-E fol<br \/>\n<\/span><\/td>\n<td style=\"height: 28px; width: 15.7576%;\"><\/td>\n<td style=\"height: 28px; width: 15.9018%;\"><span style=\"color: #000000; font-size: 10pt;\">idem<\/span><\/td>\n<\/tr>\n<tr style=\"height: 28px;\">\n<td style=\"height: 28px; width: 13.9394%;\"><span style=\"color: #000000; font-size: 10pt;\">182<\/span><\/td>\n<td style=\"height: 28px; width: 57.2728%;\"><span class=\"site-name no-print\" style=\"color: #000000; font-size: 10pt;\">Bref F-K fol<br \/>\n<\/span><\/td>\n<td style=\"height: 28px; width: 15.7576%;\"><\/td>\n<td style=\"height: 28px; width: 15.9018%;\"><span style=\"color: #000000; font-size: 10pt;\">idem<\/span><\/td>\n<\/tr>\n<tr style=\"height: 28px;\">\n<td style=\"height: 28px; width: 13.9394%;\"><span style=\"color: #000000; font-size: 10pt;\">183<\/span><\/td>\n<td style=\"height: 28px; width: 57.2728%;\"><span class=\"site-name no-print\" style=\"color: #000000; font-size: 10pt;\">Brief L fol<br \/>\n<\/span><\/td>\n<td style=\"height: 28px; width: 15.7576%;\"><\/td>\n<td style=\"height: 28px; width: 15.9018%;\"><span style=\"color: #000000; font-size: 10pt;\">idem<\/span><\/td>\n<\/tr>\n<tr style=\"height: 56px;\">\n<td style=\"height: 56px; width: 13.9394%;\"><span style=\"color: #000000; font-size: 10pt;\">184<\/span><\/td>\n<td style=\"height: 56px; width: 57.2728%;\"><span class=\"site-name no-print\" style=\"color: #000000; font-size: 10pt;\">Bref M-P fol (Meijerfeltska papperna g\u00e5fvor 1833 af J. Montgomery och hans hustru E. Sparre)<br \/>\n<\/span><\/td>\n<td style=\"height: 56px; width: 15.7576%;\"><\/td>\n<td style=\"height: 56px; width: 15.9018%;\"><span style=\"color: #000000; font-size: 10pt;\">idem<\/span><\/td>\n<\/tr>\n<tr style=\"height: 28px;\">\n<td style=\"height: 28px; width: 13.9394%;\"><span style=\"color: #000000; font-size: 10pt;\">185<\/span><\/td>\n<td style=\"height: 28px; width: 57.2728%;\"><span class=\"site-name no-print\" style=\"color: #000000; font-size: 10pt;\">Bref R-Sch fol<br \/>\n<\/span><\/td>\n<td style=\"height: 28px; width: 15.7576%;\"><\/td>\n<td style=\"height: 28px; width: 15.9018%;\"><span style=\"color: #000000; font-size: 10pt;\">idem<\/span><\/td>\n<\/tr>\n<tr style=\"height: 28px;\">\n<td style=\"height: 28px; width: 13.9394%;\"><span style=\"color: #000000; font-size: 10pt;\">186<\/span><\/td>\n<td style=\"height: 28px; width: 57.2728%;\"><span class=\"site-name no-print\" style=\"color: #000000; font-size: 10pt;\">Bref S fol<br \/>\n<\/span><\/td>\n<td style=\"height: 28px; width: 15.7576%;\"><\/td>\n<td style=\"height: 28px; width: 15.9018%;\"><span style=\"color: #000000; font-size: 10pt;\">idem<\/span><\/td>\n<\/tr>\n<tr style=\"height: 28px;\">\n<td style=\"height: 28px; width: 13.9394%;\"><span style=\"color: #000000; font-size: 10pt;\">189<\/span><\/td>\n<td style=\"height: 28px; width: 57.2728%;\"><span class=\"site-name no-print\" style=\"color: #000000; font-size: 10pt;\">Bref T-\u00d6 fol<br \/>\n<\/span><\/td>\n<td style=\"height: 28px; width: 15.7576%;\"><\/td>\n<td style=\"height: 28px; width: 15.9018%;\"><span style=\"color: #000000; font-size: 10pt;\">idem<\/span><\/td>\n<\/tr>\n<tr style=\"height: 28px;\">\n<td style=\"height: 28px; width: 13.9394%;\"><span style=\"color: #000000; font-size: 10pt;\">190<\/span><\/td>\n<td style=\"height: 28px; width: 57.2728%;\"><span class=\"site-name no-print\" style=\"color: #000000; font-size: 10pt;\">Bref A-B qv<br \/>\n<\/span><\/td>\n<td style=\"height: 28px; width: 15.7576%;\"><\/td>\n<td style=\"height: 28px; width: 15.9018%;\"><span style=\"color: #000000; font-size: 10pt;\">idem<\/span><\/td>\n<\/tr>\n<tr style=\"height: 28px;\">\n<td style=\"height: 28px; width: 13.9394%;\"><span style=\"color: #000000; font-size: 10pt;\">191<\/span><\/td>\n<td style=\"height: 28px; width: 57.2728%;\"><span class=\"site-name no-print\" style=\"color: #000000; font-size: 10pt;\">Bref C-J qv<\/span><\/td>\n<td style=\"height: 28px; width: 15.7576%;\"><\/td>\n<td style=\"height: 28px; width: 15.9018%;\"><span style=\"color: #000000; font-size: 10pt;\">idem<\/span><\/td>\n<\/tr>\n<tr style=\"height: 28px;\">\n<td style=\"height: 28px; width: 13.9394%;\"><span style=\"color: #000000; font-size: 10pt;\">192<\/span><\/td>\n<td style=\"height: 28px; width: 57.2728%;\"><span class=\"site-name no-print\" style=\"color: #000000; font-size: 10pt;\">Bref K-P qv<br \/>\n<\/span><\/td>\n<td style=\"height: 28px; width: 15.7576%;\"><\/td>\n<td style=\"height: 28px; width: 15.9018%;\"><span style=\"color: #000000; font-size: 10pt;\">idem<\/span><\/td>\n<\/tr>\n<tr style=\"height: 28px;\">\n<td style=\"height: 28px; width: 13.9394%;\"><span style=\"color: #000000; font-size: 10pt;\">193<\/span><\/td>\n<td style=\"height: 28px; width: 57.2728%;\"><span class=\"site-name no-print\" style=\"color: #000000; font-size: 10pt;\">Bref R-\u00d6 qv<br \/>\n<\/span><\/td>\n<td style=\"height: 28px; width: 15.7576%;\"><\/td>\n<td style=\"height: 28px; width: 15.9018%;\"><span style=\"color: #000000; font-size: 10pt;\">idem<\/span><\/td>\n<\/tr>\n<tr style=\"height: 28px;\">\n<td style=\"height: 28px; width: 13.9394%;\"><span style=\"color: #000000; font-size: 10pt;\">195<\/span><\/td>\n<td style=\"height: 28px; width: 57.2728%;\"><span style=\"color: #000000; font-size: 10pt;\">Handlingar ang\u00e5ende Pommerns f:orvaltning fol<\/span><\/td>\n<td style=\"height: 28px; width: 15.7576%;\"><\/td>\n<td style=\"height: 28px; width: 15.9018%;\"><span style=\"color: #000000; font-size: 10pt;\">idem<\/span><\/td>\n<\/tr>\n<tr style=\"height: 28px;\">\n<td style=\"height: 28px; width: 13.9394%;\"><span style=\"color: #000000; font-size: 10pt;\">197<\/span><\/td>\n<td style=\"height: 28px; width: 57.2728%;\"><span class=\"site-name no-print\" style=\"color: #000000; font-size: 10pt;\">Handlingar om Pommerska f\u00e4stningarne <strong><br \/>\n<\/strong><\/span><\/td>\n<td style=\"height: 28px; width: 15.7576%;\"><\/td>\n<td style=\"height: 28px; width: 15.9018%;\"><span style=\"color: #000000; font-size: 10pt;\">idem<\/span><\/td>\n<\/tr>\n<tr style=\"height: 56px;\">\n<td style=\"height: 56px; width: 13.9394%;\"><span style=\"color: #000000; font-size: 10pt;\">456<\/span><\/td>\n<td style=\"height: 56px; width: 57.2728%;\"><span style=\"color: #000000; font-size: 10pt;\"><span class=\"site-name no-print\">Vol. 47. Handlingar r\u00f6rende kriget 1788-1790. Tom. IV. Finska Kriget. I. <\/span><span class=\"site-name no-print\">6. Skrifvelser fr\u00e5n \u2026 Mejerfelt<\/span><\/span><\/td>\n<td style=\"height: 56px; width: 15.7576%;\"><span style=\"color: #000000; font-size: 10pt;\">27-07 t\/m 11-09-1788<\/span><\/td>\n<td style=\"height: 56px; width: 15.9018%;\"><span style=\"color: #000000; font-size: 10pt;\">JAjr<\/span><\/td>\n<\/tr>\n<tr style=\"height: 112px;\">\n<td style=\"height: 112px; width: 13.9394%;\"><span style=\"color: #000000; font-size: 10pt;\">458<\/span><\/td>\n<td style=\"height: 112px; width: 57.2728%;\"><span style=\"color: #000000; font-size: 10pt;\"><span class=\"site-name no-print\">Vol. 49. Handlingar r\u00f6rende kriget 1788-1790. Tom. VI. Finska Hufvudarm\u00e9en 1789. 1. Arm\u00e9ens H\u00f6gra F\u00f6rdelning. <\/span><span class=\"site-name no-print\">1. Bref och rapporter fr\u00e5n G.A. Mejerfeldt. <\/span><span class=\"site-name no-print\">8. Rapporter fr\u00e5n bef\u00e4lhafvarne i lagred vid V\u00e4rel\u00e4<\/span><\/span><\/td>\n<td style=\"height: 112px; width: 15.7576%;\"><span style=\"color: #000000; font-size: 10pt;\">ad 1. 1788-1789<\/span><br \/>\n<span style=\"color: #000000; font-size: 10pt;\">ad 8. 2 t\/m 10-10-1789<\/span><\/td>\n<td style=\"height: 112px; width: 15.9018%;\"><span style=\"color: #000000; font-size: 10pt;\">\u00a0idem<\/span><\/td>\n<\/tr>\n<tr style=\"height: 84px;\">\n<td style=\"height: 84px; width: 13.9394%;\"><span style=\"color: #000000; font-size: 10pt;\">460<\/span><\/td>\n<td style=\"height: 84px; width: 57.2728%;\"><span style=\"color: #000000; font-size: 10pt;\"><span class=\"site-name no-print\">Vol. 51. Handlingar r\u00f6rende kriget 1788-1790. Tom. VIII. Finska Hufvudarm\u00e9en. <\/span><span class=\"site-name no-print\">2. Bref och rapporter fr\u00e5n bef\u00e4lhafvarne \u00f6fver Arm\u00e9ens H\u00f6gra F\u00f6rdelning.<\/span><\/span><\/td>\n<td style=\"height: 84px; width: 15.7576%;\"><span style=\"color: #000000; font-size: 10pt;\">06-05 t\/m 28-08-1790<\/span><\/td>\n<td style=\"height: 84px; width: 15.9018%;\"><span style=\"color: #000000; font-size: 10pt;\">idem<\/span><\/td>\n<\/tr>\n<tr style=\"height: 56px;\">\n<td style=\"height: 56px; width: 13.9394%;\"><span style=\"color: #000000; font-size: 10pt;\">531<\/span><\/td>\n<td style=\"height: 56px; width: 57.2728%;\"><span style=\"color: #000000; font-size: 10pt;\"><span class=\"site-name no-print\">Otto Wredes Papper. <\/span><span class=\"site-name no-print\">155<sup>r<\/sup>\/49. Kon:s skrifvelse till G. Meijerfelt om ryssarnes inlopp i Porcala o. Rajalins dits\u00e4ndande<\/span><\/span><\/td>\n<td style=\"height: 56px; width: 15.7576%;\"><span style=\"color: #000000; font-size: 10pt;\">11-06-1789<\/span><\/td>\n<td style=\"height: 56px; width: 15.9018%;\"><span style=\"color: #000000; font-size: 10pt;\">idem<\/span><\/td>\n<\/tr>\n<tr style=\"height: 56px;\">\n<td style=\"height: 56px; width: 13.9394%;\"><span style=\"color: #000000; font-size: 10pt;\">628<\/span><\/td>\n<td style=\"height: 56px; width: 57.2728%;\"><span style=\"color: #000000; font-size: 10pt;\"><span class=\"site-name no-print\">Handlingar r\u00f6rende ryska kriget 1788-1790. <\/span><span class=\"site-name no-print\">\u201cPassage Journal \u201d &amp;\u00a0 <\/span><span class=\"site-name no-print\">Bref, Ordres och Rapporter fr. kriget ur hans papper<\/span><\/span><\/td>\n<td style=\"height: 56px; width: 15.7576%;\"><span style=\"color: #000000; font-size: 10pt;\">1788-1790<\/span><\/td>\n<td style=\"height: 56px; width: 15.9018%;\"><\/td>\n<\/tr>\n<tr style=\"height: 28px;\">\n<td style=\"height: 28px; width: 13.9394%;\"><span style=\"color: #000000; font-size: 10pt;\"><strong>X<\/strong><\/span><\/td>\n<td style=\"height: 28px; width: 57.2728%;\"><span style=\"color: #000000; font-size: 10pt;\"><strong>Svensk genealogi och biografi<\/strong><\/span><\/td>\n<td style=\"height: 28px; width: 15.7576%;\"><\/td>\n<td style=\"height: 28px; width: 15.9018%;\"><\/td>\n<\/tr>\n<tr style=\"height: 84px;\">\n<td style=\"height: 84px; width: 13.9394%;\"><span style=\"color: #000000; font-size: 10pt;\">18<\/span><\/td>\n<td style=\"height: 84px; width: 57.2728%;\"><span style=\"color: #000000; font-size: 10pt;\">A.A. von Stiernman, \u201cSveacia Illustris. Sl\u00e4gttaflor \u00f6fver de p\u00e5 Svenska Riddarhuset until \u00e5r \u2026. introducerade \u00e4tter i alfabetisk ordning\u201d, del M-O, <span style=\"color: #0000ff;\"><a style=\"color: #0000ff;\" href=\"https:\/\/meijenfeldt.nl\/?page_id=12369\">Mejerfelt<\/a><\/span><\/span><\/td>\n<td style=\"height: 84px; width: 15.7576%;\"><\/td>\n<td style=\"height: 84px; width: 15.9018%;\"><span style=\"color: #000000; font-size: 10pt;\">Mejerfelt<\/span><\/td>\n<\/tr>\n<tr style=\"height: 56px;\">\n<td style=\"height: 10px; width: 13.9394%;\"><span style=\"color: #000000; font-size: 10pt;\">240<\/span><\/td>\n<td style=\"height: 10px; width: 57.2728%;\"><span style=\"color: #000000; font-size: 10pt;\"><em><span class=\"site-name no-print\">Svensk biografi i portf\u00f6ljer. Folio. <\/span><span class=\"site-name no-print\">Meijerfelts papper<\/span><\/em><\/span><\/td>\n<td style=\"height: 10px; width: 15.7576%;\"><\/td>\n<td style=\"height: 10px; width: 15.9018%;\"><\/td>\n<\/tr>\n<tr style=\"height: 84px;\">\n<td style=\"height: 84px; width: 13.9394%;\"><span style=\"color: #000000; font-size: 10pt;\">REA000<\/span><br \/>\n<span style=\"color: #000000; font-size: 10pt;\">135475<\/span><\/td>\n<td style=\"height: 84px; width: 57.2728%;\"><span style=\"color: #000000; font-size: 10pt;\">Kategori: Person (sl\u00e4kt, samlare). Samh\u00e4llsadministrativt arbete (GENERALGUVERN\u00d6R). Kategori: Person (sl\u00e4kt, samlare). Milit\u00e4rt arbete (GENERAL), 24 delen<\/span><\/td>\n<td style=\"height: 84px; width: 15.7576%;\"><\/td>\n<td style=\"height: 84px; width: 15.9018%;\"><span style=\"color: #000000; font-size: 10pt;\">JAsr<\/span><\/td>\n<\/tr>\n<tr style=\"height: 56px;\">\n<td style=\"height: 56px; width: 13.9394%;\"><span style=\"color: #000000; font-size: 10pt;\">REA000<\/span><br \/>\n<span style=\"color: #000000; font-size: 10pt;\">137796<\/span><\/td>\n<td style=\"height: 56px; width: 57.2728%;\"><span style=\"color: #000000; font-size: 10pt;\">Westinska Sammlingen (persoon\/geslacht)<\/span><\/td>\n<td style=\"height: 56px; width: 15.7576%;\"><\/td>\n<td style=\"height: 56px; width: 15.9018%;\"><span style=\"color: #000000; font-size: 10pt;\">Meijerfeldt<\/span><\/td>\n<\/tr>\n<\/tbody>\n<\/table>\n","protected":false},"excerpt":{"rendered":"<p>START\u00a0\/\u00a0A. ARCHIEVEN \/ AZ. ZWEDEN \/ BIBLIOTHEEK CODE DOCUMENT DATUM SE\/S Kungliga Biblioteket \u00a0 \u00a0 RIKSDAG \u00a0 \u00a0 Sveriges Ridderskaps och Adels Riksdags-Protokoll 1521-1861 \u00a0 Svenska Riksdagsakter 1719-1800 \u00a0 Kongl. Samfundet f\u00f6r utgifvande af Handskrifter r\u00f6rande Skandinaviens historia, \u201cHandlingar r\u00f6rende Skandinaviens Historia, 40 delen\u00a0\u00a0 1816-1860 \u00a0 Idem, \u201cHistoriska Handlingar\u201d, 41 delen 1861-1979 SB 17 Svensk &hellip; <a href=\"https:\/\/meijenfeldt.nl\/?page_id=10936\" class=\"more-link\">Verder lezen <span class=\"screen-reader-text\">AZ. Biblioteket<\/span><\/a><\/p>\n","protected":false},"author":1,"featured_media":0,"parent":0,"menu_order":0,"comment_status":"closed","ping_status":"closed","template":"","meta":{"footnotes":""},"class_list":["post-10936","page","type-page","status-publish","hentry"],"_links":{"self":[{"href":"https:\/\/meijenfeldt.nl\/index.php?rest_route=\/wp\/v2\/pages\/10936","targetHints":{"allow":["GET"]}}],"collection":[{"href":"https:\/\/meijenfeldt.nl\/index.php?rest_route=\/wp\/v2\/pages"}],"about":[{"href":"https:\/\/meijenfeldt.nl\/index.php?rest_route=\/wp\/v2\/types\/page"}],"author":[{"embeddable":true,"href":"https:\/\/meijenfeldt.nl\/index.php?rest_route=\/wp\/v2\/users\/1"}],"replies":[{"embeddable":true,"href":"https:\/\/meijenfeldt.nl\/index.php?rest_route=%2Fwp%2Fv2%2Fcomments&post=10936"}],"version-history":[{"count":86,"href":"https:\/\/meijenfeldt.nl\/index.php?rest_route=\/wp\/v2\/pages\/10936\/revisions"}],"predecessor-version":[{"id":57850,"href":"https:\/\/meijenfeldt.nl\/index.php?rest_route=\/wp\/v2\/pages\/10936\/revisions\/57850"}],"wp:attachment":[{"href":"https:\/\/meijenfeldt.nl\/index.php?rest_route=%2Fwp%2Fv2%2Fmedia&parent=10936"}],"curies":[{"name":"wp","href":"https:\/\/api.w.org\/{rel}","templated":true}]}}